{"id":146,"date":"2018-11-29T14:16:18","date_gmt":"2018-11-29T13:16:18","guid":{"rendered":"https:\/\/www.iic-ag.com\/?page_id=146"},"modified":"2025-10-06T13:35:55","modified_gmt":"2025-10-06T11:35:55","slug":"datenschutz","status":"publish","type":"page","link":"https:\/\/www.iic-ag.com\/de\/datenschutz\/","title":{"rendered":"Datenschutz"},"content":{"rendered":"<p>[et_pb_section fb_built=&#8220;1&#8243; _builder_version=&#8220;4.16&#8243; global_colors_info=&#8220;{}&#8220;][et_pb_row _builder_version=&#8220;4.16&#8243; background_size=&#8220;initial&#8220; background_position=&#8220;top_left&#8220; background_repeat=&#8220;repeat&#8220; global_colors_info=&#8220;{}&#8220;][et_pb_column type=&#8220;4_4&#8243; _builder_version=&#8220;4.16&#8243; global_colors_info=&#8220;{}&#8220;][et_pb_text _builder_version=&#8220;4.16&#8243; global_colors_info=&#8220;{}&#8220;]<\/p>\n<h1>Datenschutzerkl\u00e4rung<\/h1>\n<p>Wir freuen uns \u00fcber Ihren Besuch auf unserer Website und Ihr Interesse an den dargestellten Angeboten.<\/p>\n<p>Wir nehmen den Schutz Ihrer pers\u00f6nlichen Daten in unserer Rolle als f\u00fcr die Datenverarbeitung Verantwortlicher sehr ernst. Internetseiten k\u00f6nnen nur angezeigt werden, wenn zuvor Daten des Besuchers, zumindest die IP-Adresse, \u00fcbertragen werden. Daher m\u00f6chten wir Sie mit dieser Datenschutzerkl\u00e4rung umfassend \u00fcber die Verarbeitung Ihrer personenbezogenen Daten im Rahmen des Besuchs dieser Website informieren. Dazu sind wir zudem gesetzlich verpflichtet. Postalisch erreichen Sie uns unter der Adresse:<\/p>\n<p>IIC International AG<br \/>Breisacher Stra\u00dfe 86<br \/>79110 Freiburg<br \/>Deutschland<\/p>\n<p>Wir unterliegen datenschutzrechtlich dem Bundesdatenschutzgesetz (BDSG) i.V.m. der Europ\u00e4ischen Datenschutzgrundverordnung (EU-DSGVO) medienrechtlich dem TMG. Damit sind wir verpflichtet s\u00e4mtliche Informationen und erfassten Daten der Besucher dieser Website zu sch\u00fctzen und vertraulich zu behandeln. Die im Rahmen des Besuchs dieser Website gespeicherten Daten werden ausschlie\u00dflich in der in dieser Datenschutzerkl\u00e4rung beschriebenen Weise verarbeitet. Eine Verwendung personenbezogener Daten dar\u00fcber hinaus oder eine Weitergabe an Dritte ist nicht vorgesehen.<\/p>\n<h2>Personenbezogene Daten<\/h2>\n<p>Personenbezogene Daten sind Informationen \u00fcber pers\u00f6nliche oder sachliche Verh\u00e4ltnisse einer bestimmten oder bestimmbaren Person. Dazu geh\u00f6ren Namen und Kontaktdaten, wie Adresse, Telefonnummer, E-Mail-Adresse, sowie sensible Daten, wie zum Beispiel Informationen \u00fcber den Gesundheitszustand aber auch Nutzungsdaten wie Ihre IP-Adresse.<\/p>\n<h2>Umfang der Verarbeitung personenbezogener Daten<\/h2>\n<p>Wir erheben und verwenden personenbezogene Daten von Besuchern dieses Internetauftritts grunds\u00e4tzlich nur, soweit dies zur Bereitstellung einer funktionsf\u00e4higen Website sowie unserer Inhalte und Leistungen erforderlich ist. Die Erhebung und Verwendung personenbezogener Daten unserer Nutzer erfolgt regelm\u00e4\u00dfig nur nach Einwilligung des Nutzers. Eine Ausnahme gilt in solchen F\u00e4llen, in denen eine vorherige Einholung einer Einwilligung aus tats\u00e4chlichen Gr\u00fcnden nicht m\u00f6glich ist und die Verarbeitung der Daten durch gesetzliche Vorschriften gestattet ist.<\/p>\n<h2>Rechtsgrundlage f\u00fcr die Verarbeitung personenbezogener Daten<\/h2>\n<p>Soweit wir f\u00fcr Verarbeitungsvorg\u00e4nge personenbezogener Daten eine Einwilligung der betroffenen Person einholen, dient Art. 6 Abs. 1 lit. a EU-Datenschutzgrundverordnung (DSGVO) als Rechtsgrundlage.<\/p>\n<p>Bei der Verarbeitung von personenbezogenen Daten, die zur Erf\u00fcllung eines Vertrages, dessen Vertragspartei die betroffene Person ist, erforderlich ist, dient Art. 6 Abs. 1 lit. b DSGVO als Rechtsgrundlage. Dies gilt auch f\u00fcr Verarbeitungsvorg\u00e4nge, die zur Durchf\u00fchrung vorvertraglicher Ma\u00dfnahmen erforderlich sind.\u00a0Soweit eine Verarbeitung personenbezogener Daten zur Erf\u00fcllung einer rechtlichen Verpflichtung erforderlich ist, der unser Verein unterliegt, dient Art.\u00a06 Abs.\u00a01 lit.\u00a0c DSGVO als Rechtsgrundlage.<\/p>\n<p>F\u00fcr den Fall, dass lebenswichtige Interessen der betroffenen Person oder einer anderen nat\u00fcrlichen Person eine Verarbeitung personenbezogener Daten erforderlich machen, dient Art.\u00a06 Abs.\u00a01 lit.\u00a0d DSGVO als Rechtsgrundlage.<\/p>\n<p>Ist die Verarbeitung zur Wahrung eines berechtigten Interesses unseres Unternehmens oder eines Dritten erforderlich und \u00fcberwiegen die Interessen, Grundrechte und Grundfreiheiten des Betroffenen das erstgenannte Interesse nicht, so dient Art.\u00a06 Abs.\u00a01 lit.\u00a0f DSGVO Rechtsgrundlage f\u00fcr die Verarbeitung.<\/p>\n<h2>Erfassung allgemeiner Informationen bei Aufruf unserer Website<\/h2>\n<p>Solange Sie unsere Website lediglich informatorisch nutzen, also ohne Registrierung oder anderweitige Informations\u00fcbermittlung, erheben wir ausschlie\u00dflich die personenbezogenen Daten, die Ihr Browser an unseren Server \u00fcbermittelt (Logfiles).<\/p>\n<p>Insofern werden mit jedem Zugriff automatisch Informationen durch uns bzw. den Webspace-Provider erfasst. Diese Informationen, auch als Server-Logfiles bezeichnet, sind allgemeiner Natur und erlauben keine R\u00fcckschl\u00fcsse auf Ihre Person.<\/p>\n<p>Erfasst werden unter anderem: Name der Webseite, Sprache, Datei, Datum und Uhrzeit der Anfrage, Zeitzonendifferenz zur Greenwich Mean Time (GMT), jeweils \u00fcbertragene Datenmenge, Webbrowser und Webbrowser-Version, Betriebssystem und dessen Version, der Domainname Ihres Internet-Providers, die sogenannte Referrer-URL (sofern \u00fcbertragen (k\u00f6nnen Nutzer im Browser an- und ausschalten) jene Seite, von der aus Sie auf unser Angebot zugegriffen haben), Zugriffsstatus\/HTTP-Statuscode und die IP-Adresse.<\/p>\n<p>Ohne diese Daten w\u00e4re es technisch teils nicht m\u00f6glich, die Inhalte der Webseite auszuliefern und darzustellen. Insofern ist die Erfassung der Daten zwingend notwendig. Dar\u00fcber hinaus verwenden wir die anonymen Informationen f\u00fcr statistische Zwecke. Sie helfen uns bei der Optimierung des Angebots und der Technik. Wir behalten uns zudem das Recht vor, die Log-Files bei Verdacht auf eine rechtswidrige Nutzung unseres Angebotes nachtr\u00e4glich zu kontrollieren.<\/p>\n<h2>Cookies<\/h2>\n<p>Soweit wir Cookies einsetzen werden Sie beim Aufruf unserer Website durch einen Infobanner \u00fcber die Verwendung von Cookies zu Analysezwecken informiert und auf diese Datenschutzerkl\u00e4rung verwiesen. Sie k\u00f6nnen die Speicherung von Cookies \u00fcber Ihre Browsereinstellungen unterbinden, wenn Sie dies w\u00fcnschen.\u00a0Zus\u00e4tzlich zu den zuvor genannten Daten werden bei Ihrer Nutzung unserer Website Cookies auf Ihrem Rechner gespeichert. Bei Cookies handelt es sich um kleine Textdateien, die auf Ihrer Festplatte dem von Ihnen verwendeten Browser zugeordnet gespeichert werden und durch welche der Stelle, die den Cookie setzt (hier durch uns), bestimmte Informationen zuflie\u00dfen. Sie enthalten Informationen zum Browser, zur IP-Adresse, dem Betriebssystem und zur Internetverbindung. Cookies k\u00f6nnen keine Programme ausf\u00fchren oder Viren auf Ihren Computer \u00fcbertragen. Sie dienen dazu, das Internetangebot insgesamt nutzerfreundlicher und effektiver zu machen. Diese Daten werden von uns nicht an Dritte weitergegeben oder ohne ihre Zustimmung mit personenbezogenen Daten verkn\u00fcpft.\u00a0Cookies erf\u00fcllen vor allem zwei Aufgaben. Sie helfen uns, Ihnen die Navigation durch unser Angebot zu erleichtern, und erm\u00f6glichen die korrekte Darstellung der Webseite. Sie werden nicht dazu genutzt, Viren einzuschleusen oder Programme zu starten.<\/p>\n<p>Nutzer haben die M\u00f6glichkeit, unser Angebot auch ohne Cookies aufzurufen. Dazu m\u00fcssen im Browser die entsprechenden Einstellungen ge\u00e4ndert werden. Informieren Sie sich bitte \u00fcber die Hilfsfunktion Ihres Browsers, wie Cookies deaktiviert werden. Wir weisen allerdings darauf hin, dass dadurch einige Funktionen dieser Webseite m\u00f6glicherweise beeintr\u00e4chtigt werden und der Nutzungskomfort eingeschr\u00e4nkt wird.<\/p>\n<h2>Verarbeitung von Daten bei Kommunikation<\/h2>\n<p>Wenn Sie uns per E-Mail oder \u00fcber ein Kontaktformular Informationen zuleiten, werden die von Ihnen mitgeteilten Daten (Ihre E-Mail-Adresse, ggf. Ihr Name und Ihre Telefonnummer) von uns gespeichert, um Ihre Anfrage zu beantworten. Hierzu werden Ihre Informationen innerhalb unserer Organisation gelesen und an die zust\u00e4ndige Abteilung weitergeleitet. Die personenbezogenen Daten werden dazu gespeichert und bearbeitet. Die in diesem Zusammenhang anfallenden Daten l\u00f6schen wir, nachdem die Speicherung nicht mehr erforderlich ist, oder schr\u00e4nken die Verarbeitung ein, falls gesetzliche Aufbewahrungspflichten bestehen.<\/p>\n<p>Wenn Sie uns eine Bewerbung per E-Mail schreiben bearbeiten wir anschlie\u00dfend Ihre \u00fcbermittelten Daten ausschlie\u00dflich zur Abwicklung des Bewerbungsverfahrens. Kommt ein Anstellungsverh\u00e4ltnis mit einem Bewerber zu Stande, speichern wir die \u00fcbermittelten Daten, um die im Rahmen des Besch\u00e4ftigungsverh\u00e4ltnisses erforderlichen T\u00e4tigkeiten durchzuf\u00fchren. Es erhalten ausschlie\u00dflich unsere f\u00fcr die Personalsachbearbeitung zust\u00e4ndigen Mitarbeitenden Zugang zu solchen Bewerberdaten. Kommt kein Anstellungsverh\u00e4ltnis zu Stande l\u00f6schen wir die Bewerbungsunterlage in der Regel zwei Monate nach Mitteilung der Absage, sofern einer L\u00f6schung kein berechtigtes Interesse entgegensteht.<\/p>\n<p>Falls wir f\u00fcr einzelne Funktionen unseres Angebots auf beauftragte Dienstleister zur\u00fcckgreifen oder Ihre Daten f\u00fcr werbliche Zwecke nutzen m\u00f6chten, werden wir Sie untenstehend im Detail \u00fcber die jeweiligen Vorg\u00e4nge informieren. Dabei nennen wir auch die festgelegten Kriterien der Speicherdauer.<\/p>\n<h2>Einbindung von Diensten und Inhalten Dritter<\/h2>\n<p>Es kann vorkommen, dass innerhalb dieses Onlineangebotes Inhalte Dritter, wie zum Beispiel Videos von YouTube oder Facebook, Kartenmaterial von Google-Maps, RSS-Feeds oder Grafiken von anderen Webseiten eingebunden werden. Dies setzt immer voraus, dass die Anbieter dieser Inhalte (nachfolgend bezeichnet als \u201eDritt-Anbieter\u201c) die IP-Adresse der Nutzer wahrnehmen. Denn ohne die IP-Adresse, k\u00f6nnten sie die Inhalte nicht an den Browser des jeweiligen Nutzers senden. Die IP-Adresse ist damit f\u00fcr die Darstellung dieser Inhalte erforderlich. Wir bem\u00fchen uns nur solche Inhalte zu verwenden, deren jeweilige Anbieter die IP-Adresse lediglich zur Auslieferung der Inhalte verwenden. Jedoch haben wir keinen Einfluss darauf, falls die Dritt-Anbieter die IP-Adresse z.B. f\u00fcr statistische Zwecke speichern. Soweit uns dies bekannt ist, kl\u00e4ren wir die Nutzer dar\u00fcber auf.<\/p>\n<h2>Webanalysedienste<\/h2>\n<p>Wir behalten und vor sogenannte Webanalysedienste einsetzen. Hiermit informieren wir Sie \u00fcber die Datenverarbeitung in diesem Zusammenhang:<\/p>\n<h2>Verwendung von Google Analytics<\/h2>\n<p>Diese Webseite benutzt Google Analytics, einen Webanalysedienst der Google Inc. (\u201cGoogle\u201d). Google Analytics verwendet sog. \u201cCookies\u201d, Textdateien, die auf Ihrem Computer gespeichert werden und die eine Analyse der Benutzung der Webseite durch Sie erm\u00f6glichen. Die durch die Cookies erzeugten Informationen \u00fcber Ihre Benutzung dieser Webseite werden in der Regel an einen Server von Google in den USA \u00fcbertragen und dort gespeichert. Aufgrund der Aktivierung der IP-Anonymisierung auf diesen Webseiten, wird Ihre IP-Adresse von Google jedoch innerhalb von Mitgliedstaaten der Europ\u00e4ischen Union oder in anderen Vertragsstaaten des Abkommens \u00fcber den Europ\u00e4ischen Wirtschaftsraum zuvor gek\u00fcrzt. Nur in Ausnahmef\u00e4llen wird die volle IP-Adresse an einen Server von Google in den USA \u00fcbertragen und dort gek\u00fcrzt.<\/p>\n<p>Im Auftrag des Betreibers dieser Webseite wird Google diese Informationen benutzen, um Ihre Nutzung der Webseite auszuwerten, um Reports \u00fcber die Webseitenaktivit\u00e4ten zusammenzustellen und um weitere mit der Webseitennutzung und der Internetnutzung verbundene Dienstleistungen gegen\u00fcber dem Webseitenbetreiber zu erbringen. Die im Rahmen von Google Analytics von Ihrem Browser \u00fcbermittelte IP-Adresse wird nicht mit anderen Daten von Google zusammengef\u00fchrt. Sie k\u00f6nnen die Speicherung der Cookies durch eine entsprechende Einstellung Ihrer Browser-Software verhindern. Wir weisen Sie jedoch darauf hin, dass Sie in diesem Fall gegebenenfalls nicht s\u00e4mtliche Funktionen dieser Webseite vollumf\u00e4nglich werden nutzen k\u00f6nnen.<\/p>\n<p>Sie k\u00f6nnen dar\u00fcber hinaus die Erfassung der durch das Cookie erzeugten und auf Ihre Nutzung der Webseite bezogenen Daten (inkl. Ihrer IP-Adresse) an Google sowie die Verarbeitung dieser Daten durch Google verhindern, indem sie das unter dem folgenden Link verf\u00fcgbare Browser-Plugin herunterladen und installieren:\u00a0<a href=\"http:\/\/tools.google.com\/dlpage\/gaoptout?hl=de\" rel=\"nofollow noopener\" target=\"_blank\">Browser Add On zur Deaktivierung von Google Analytics<\/a>.<\/p>\n<p>N\u00e4here Informationen zu Nutzungsbedingungen und Datenschutz finden Sie unter\u00a0<a href=\"http:\/\/www.google.com\/analytics\/terms\/de.html\" rel=\"nofollow noopener\" target=\"_blank\">http:\/\/www.google.com\/analytics\/terms\/de.html<\/a>\u00a0bzw. unter\u00a0<a href=\"https:\/\/www.google.de\/intl\/de\/policies\/\" rel=\"nofollow noopener\" target=\"_blank\">https:\/\/www.google.de\/intl\/de\/policies\/<\/a>.<\/p>\n<h2>Verwendung von Google reCAPTCHA<\/h2>\n<p>Auf dieser Website verwenden wir den Dienst \u201eGoogle reCAPTCHA\u201c (Anbieter: Google Ireland Limited, Gordon House, Barrow Street, Dublin 4, Irland). Mit reCAPTCHA wird \u00fcberpr\u00fcft, ob die Dateneingabe auf unseren Websites (z. B. in einem Kontaktformular) durch eine nat\u00fcrliche Person oder durch ein automatisiertes Programm erfolgt.<br \/>Zu diesem Zweck analysiert reCAPTCHA das Verhalten der Websitebesuchenden anhand verschiedener Merkmale. Diese Analyse beginnt automatisch, sobald die Website betreten wird. F\u00fcr die Analyse wertet reCAPTCHA verschiedene Informationen aus (z. B. IP-Adresse, Verweildauer des Besuchers auf der Website, Mausbewegungen, ggf. Browser-Plugins und Referrer-URL).<\/p>\n<p>Die bei der Analyse erfassten Daten werden an Google weitergeleitet. Die reCAPTCHA-Analysen laufen vollst\u00e4ndig im Hintergrund. Websitebesucherinnen und -besucher werden nicht gesondert darauf hingewiesen, dass eine Analyse stattfindet.<br \/>Die Datenverarbeitung erfolgt auf Grundlage von Art. 6 Abs. 1 lit. a DSGVO (Einwilligung). Die Einwilligung kann jederzeit mit Wirkung f\u00fcr die Zukunft \u00fcber unser Consent-Management-Tool widerrufen werden.<\/p>\n<p>Weitere Informationen zu Google reCAPTCHA sowie die Datenschutzerkl\u00e4rung von Google findest du unter:<br \/><a href=\"https:\/\/policies.google.com\/privacy\" rel=\"noreferrer noopener nofollow\" title=\"https:\/\/policies.google.com\/privacy\" target=\"_blank\">https:\/\/policies.google.com\/privacy<\/a><br \/>und<br \/><a href=\"https:\/\/policies.google.com\/terms\" rel=\"noreferrer noopener nofollow\" title=\"https:\/\/policies.google.com\/terms\" target=\"_blank\">https:\/\/policies.google.com\/terms<\/a><\/p>\n<h2>Leadinfo<\/h2>\n<p>Diese Website nutzt den Service des Anbieters Leadinfo B.V. mit Sitz in Rotterdam.\u00a0 Dieser Service zeigt uns auf Grundlage von IP-Adressen \u00f6ffentlich zug\u00e4ngliche Unternehmensdaten an, wie z.B. Firmennamen und -adressen. Die Erkennung von Unternehmen basiert einzig und allein auf IP-Adressen. Die IP-Adressen werden nach der Benutzung nicht gespeichert.<br \/>Zus\u00e4tzlich zu dieser Erkennung \u00fcber IP-Adressen, werden zwei First-Party-Cookies eingesetzt, durch die wir Informationen erhalten, wie Besucher die Website nutzen (Analytik). Diese Cookies sind nicht mit anderen Informationen verkn\u00fcpft und es wird nichts an Dritte weitergegeben.<br \/>Widerspruch gegen Datenerfassung:<br \/>Wenn Sie die Datenerfassung (Tracking) deaktivieren m\u00f6chten, klicken Sie bitte auf die entsprechende Schaltfl\u00e4che auf: <a href=\"https:\/\/www.leadinfo.com\/de\/opt-out\/\" rel=\"nofollow noopener\" target=\"_blank\">https:\/\/www.leadinfo.com\/de\/opt-out\/<\/a><br \/>Auftragsdatenverarbeitung:<br \/>Wir haben mit Leadinfo einen Vertrag zur Auftragsdatenverarbeitung abgeschlossen und setzen die datenschutzrechtlichen Vorgaben um.<br \/>Kontakt zu Leadinfo:<br \/>Leadinfo B.V.<br \/>Rivium Quadrant 141<br \/>2909 LC Capelle aan den IJssel<br \/>Niederlande<br \/><a href=\"mailto:hallo@leadinfo.com\">hallo@leadinfo.com<\/a><br \/>+49 322 2109 6861<\/p>\n<p>&nbsp;<\/p>\n<h2>Ihre Rechte<\/h2>\n<p>Sie haben gegen\u00fcber uns folgende Rechte hinsichtlich der Sie betreffenden personenbezogenen Daten:<\/p>\n<p>Recht auf Auskunft, Art. 15 EU-DSGVO<br \/>Recht auf Berichtigung oder L\u00f6schung, Art. 16, 17 EU-DSGVO<br \/>Recht auf Einschr\u00e4nkung der Verarbeitung, Art. 18 EU-DSGVO<br \/>Recht auf Daten\u00fcbertragbarkeit, Art. 20 EU-DSGVO<br \/>Recht auf Widerspruch gegen die Verarbeitung, Art. 21 EU-DSGVO<\/p>\n<p>Um eine Datensperre jederzeit ber\u00fccksichtigen zu k\u00f6nnen, ist es erforderlich, die Daten f\u00fcr Kontrollzwecke in einer Sperrdatei vorzuhalten. Besteht keine gesetzliche Archivierungspflicht, k\u00f6nnen Sie auch die L\u00f6schung der Daten verlangen. Anderenfalls sperren wir die Daten, sofern Sie dies w\u00fcnschen.<\/p>\n<h3>Datenschutzbeauftragter<\/h3>\n<p>Sie haben die M\u00f6glichkeit unseren Datenschutzbeauftragten zu kontaktieren:<\/p>\n<p>Herr J\u00f6rg Leuchtner (Rechtsanwalt)<br \/>Freiburger Datenschutzgesellschaft mbH, Luisenstr. 5, 79098 Freiburg<br \/>E-Mail:\u00a0<a href=\"mailto:info@freiburger-datenschutzgesellschaft.de\">info@freiburger-datenschutzgesellschaft.de<\/a><br \/>Web:<a href=\"http:\/\/www.freiburger-datenschutzgesellschaft.de\/\" rel=\"nofollow noopener\" target=\"_blank\">\u00a0www.freiburger-datenschutzgesellschaft.de<\/a><\/p>\n<h3>Aufsichtsbeh\u00f6rde<\/h3>\n<p>Sie haben das Recht, sich bei der zust\u00e4ndigen Datenschutz-Aufsichtsbeh\u00f6rde (Aufsichtsbeh\u00f6rde) \u00fcber die Verarbeitung Ihrer personenbezogenen Daten durch uns zu beschweren.<\/p>\n<p>Weitere Informationen zum Thema Datenschutz in der Bundesrepublik Deutschland finden Sie zudem unter\u00a0<a href=\"http:\/\/www.bfd.bund.de\" rel=\"nofollow noopener\" target=\"_blank\">www.bfd.bund.de<\/a>.<\/p>\n<h3>Datenminimierung und Speicherbegrenzung<\/h3>\n<p>Personenbezogene Daten speichern wir gem\u00e4\u00df den Grunds\u00e4tzen der Datenminimierung und Speicherbegrenzung nur so lange, wie es erforderlich ist oder vom Gesetzgeber her vorgeschrieben wird (gesetzliche Speicherfrist). Entf\u00e4llt der Zweck der erhobenen Informationen oder endet die Speicherfrist, sperren oder l\u00f6schen wir die Daten.<\/p>\n<h3>\u00c4nderung der Datenschutzhinweise<\/h3>\n<p>Aufgrund der stetigen Entwicklung neuer Internet-Technologien und \u00c4nderungen geltender Datenschutzbestimmungen wird unsere Datenschutzerkl\u00e4rung im erforderlichen Umfang aktualisiert. Es gilt immer diejenige Datenschutzerkl\u00e4rung, die zum Zeitpunkt des jeweiligen Besuches auf unserer Internetseite abrufbar ist.<\/p>\n<p>&nbsp;<\/p>\n<p>&nbsp;<\/p>\n<p>&nbsp;<\/p>\n<p>[\/et_pb_text][\/et_pb_column][\/et_pb_row][\/et_pb_section]<\/p>\n","protected":false},"excerpt":{"rendered":"<p>Datenschutzerkl\u00e4rung Wir freuen uns \u00fcber Ihren Besuch auf unserer Website und Ihr Interesse an den dargestellten Angeboten. Wir nehmen den Schutz Ihrer pers\u00f6nlichen Daten in unserer Rolle als f\u00fcr die Datenverarbeitung Verantwortlicher sehr ernst. Internetseiten k\u00f6nnen nur angezeigt werden, wenn zuvor Daten des Besuchers, zumindest die IP-Adresse, \u00fcbertragen werden. Daher m\u00f6chten wir Sie mit dieser [&hellip;]<\/p>\n","protected":false},"author":12,"featured_media":0,"parent":0,"menu_order":0,"comment_status":"closed","ping_status":"closed","template":"","meta":{"_et_pb_use_builder":"on","_et_pb_old_content":"","_et_gb_content_width":"","footnotes":""},"class_list":["post-146","page","type-page","status-publish","hentry"],"_links":{"self":[{"href":"https:\/\/www.iic-ag.com\/de\/wp-json\/wp\/v2\/pages\/146","targetHints":{"allow":["GET"]}}],"collection":[{"href":"https:\/\/www.iic-ag.com\/de\/wp-json\/wp\/v2\/pages"}],"about":[{"href":"https:\/\/www.iic-ag.com\/de\/wp-json\/wp\/v2\/types\/page"}],"author":[{"embeddable":true,"href":"https:\/\/www.iic-ag.com\/de\/wp-json\/wp\/v2\/users\/12"}],"replies":[{"embeddable":true,"href":"https:\/\/www.iic-ag.com\/de\/wp-json\/wp\/v2\/comments?post=146"}],"version-history":[{"count":9,"href":"https:\/\/www.iic-ag.com\/de\/wp-json\/wp\/v2\/pages\/146\/revisions"}],"predecessor-version":[{"id":14502,"href":"https:\/\/www.iic-ag.com\/de\/wp-json\/wp\/v2\/pages\/146\/revisions\/14502"}],"wp:attachment":[{"href":"https:\/\/www.iic-ag.com\/de\/wp-json\/wp\/v2\/media?parent=146"}],"curies":[{"name":"wp","href":"https:\/\/api.w.org\/{rel}","templated":true}]}}