{"id":2491,"date":"2020-07-02T17:08:02","date_gmt":"2020-07-02T15:08:02","guid":{"rendered":"https:\/\/www.iic-ag.com\/?page_id=2491"},"modified":"2022-06-20T15:59:46","modified_gmt":"2022-06-20T13:59:46","slug":"innovationen","status":"publish","type":"page","link":"https:\/\/www.iic-ag.com\/de\/verpackungen\/innovationen\/","title":{"rendered":"Innovationen"},"content":{"rendered":"<p>[et_pb_section fb_built=&#8220;1&#8243; fullwidth=&#8220;on&#8220; _builder_version=&#8220;4.4.4&#8243; background_enable_image=&#8220;off&#8220; locked=&#8220;off&#8220;][et_pb_fullwidth_slider _builder_version=&#8220;4.4.4&#8243; background_enable_image=&#8220;off&#8220;][et_pb_slide _builder_version=&#8220;4.4.4&#8243; background_image=&#8220;https:\/\/www.iic-ag.com\/wp-content\/uploads\/Banner-Innovation-Packaging.jpg&#8220; background_enable_image=&#8220;on&#8220; sticky_transition=&#8220;on&#8220;][\/et_pb_slide][\/et_pb_fullwidth_slider][\/et_pb_section][et_pb_section fb_built=&#8220;1&#8243; _builder_version=&#8220;4.4.4&#8243; locked=&#8220;off&#8220;][et_pb_row _builder_version=&#8220;4.4.4&#8243;][et_pb_column type=&#8220;4_4&#8243; _builder_version=&#8220;4.4.4&#8243;][et_pb_text _builder_version=&#8220;4.4.4&#8243;]<\/p>\n<h1>Innovationen<\/h1>\n<p>[\/et_pb_text][et_pb_text _builder_version=&#8220;4.4.4&#8243;]<\/p>\n<p>Unsere Forschung und Entwicklung steht niemals still, denn unsere Experten kennen die Trends der Zukunft. Dabei richten wir den Blick nicht nur nach rechts und links, sondern in die Welt. Unsere internationale Struktur kommt uns dabei zu Gute, sodass wir Trends fr\u00fchzeitig identifizieren und umsetzen. Unsere innovativen Konzepte sind teilweise preisgekr\u00f6nt und mehrfach ausgezeichnet. Erfahren Sie hier mehr \u00fcber unsere neuesten Entwicklungen.<\/p>\n<p>[\/et_pb_text][\/et_pb_column][\/et_pb_row][et_pb_row _builder_version=&#8220;4.4.4&#8243;][et_pb_column type=&#8220;4_4&#8243; _builder_version=&#8220;4.4.4&#8243;][et_pb_text _builder_version=&#8220;4.4.4&#8243;]<\/p>\n<h2>Innovations-Blog<\/h2>\n<h3>F\u00fcr die Verpackung von morgen<\/h3>\n<p>&nbsp;<\/p>\n<p>[\/et_pb_text][et_pb_blog fullwidth=&#8220;off&#8220; include_categories=&#8220;41&#8243; show_more=&#8220;on&#8220; show_author=&#8220;off&#8220; show_categories=&#8220;off&#8220; admin_label=&#8220;Blog&#8220; _builder_version=&#8220;4.4.4&#8243;][\/et_pb_blog][\/et_pb_column][\/et_pb_row][\/et_pb_section][et_pb_section fb_built=&#8220;1&#8243; module_id=&#8220;jfm-newsletter-section&#8220; _builder_version=&#8220;4.4.3&#8243; background_color=&#8220;#219338&#8243; saved_tabs=&#8220;all&#8220; collapsed=&#8220;off&#8220;][et_pb_row _builder_version=&#8220;4.4.3&#8243;][et_pb_column type=&#8220;4_4&#8243; _builder_version=&#8220;4.4.3&#8243;][et_pb_text admin_label=&#8220;Text&#8220; _builder_version=&#8220;4.4.4&#8243; locked=&#8220;off&#8220;]<\/p>\n<h2 style=\"text-align: center;\">Newsletter<\/h2>\n<p style=\"text-align: center;\">Innovationen &#8211; Produktneuheiten &#8211; Messetermine<\/p>\n<p>[\/et_pb_text][et_pb_code admin_label=&#8220;iFrame Clever Elements&#8220; module_class=&#8220;jfm-newsletter-formular&#8220; _builder_version=&#8220;4.4.4&#8243;]<iframe allowtransparency=\"true\" scrolling=\"no\" style=\"width:100%; height:100%; filter: chroma(color='#FFFFFF'); border: 0;\" frameborder=\"no\" src=\"https:\/\/ea.sendcockpit.com\/_s.php?&#038;fid=49865&#038;fpw=54336ed6517ad4b1097d99be2430a71f\"><\/iframe><!-- [et_pb_line_break_holder] -->\t[\/et_pb_code][et_pb_text disabled_on=&#8220;on|on|on&#8220; admin_label=&#8220;Formular&#8220; module_class=&#8220;jfm-newsletter-formular&#8220; _builder_version=&#8220;4.4.4&#8243; disabled=&#8220;on&#8220;]<\/p>\n<p>[caldera_form id=&#8220;CF5f43a1160b492&#8243;]<\/p>\n<p>[\/et_pb_text][et_pb_code _builder_version=&#8220;4.4.3&#8243;]<script><!-- [et_pb_line_break_holder] --><!-- [et_pb_line_break_holder] -->jQuery('#newsletter-button').click(function(e) {<!-- [et_pb_line_break_holder] -->e.preventDefault();<!-- [et_pb_line_break_holder] -->jQuery('#jfm-newsletter-section div.jfm-newsletter-formular').attr('style', 'display: block !important');<!-- [et_pb_line_break_holder] -->jQuery('#jfm-newsletter-section .et_pb_button_module_wrapper').attr('style', 'display: none !important');<!-- [et_pb_line_break_holder] -->});<!-- [et_pb_line_break_holder] --><!-- [et_pb_line_break_holder] --><\/script>[\/et_pb_code][\/et_pb_column][\/et_pb_row][\/et_pb_section][et_pb_section fb_built=&#8220;1&#8243; module_id=&#8220;Kontakt&#8220; _builder_version=&#8220;4.4.4&#8243; saved_tabs=&#8220;all&#8220; locked=&#8220;off&#8220; collapsed=&#8220;off&#8220; global_module=&#8220;13595&#8243;][et_pb_row admin_label=&#8220;Zeile&#8220; _builder_version=&#8220;4.9.7&#8243; _module_preset=&#8220;default&#8220;][et_pb_column type=&#8220;4_4&#8243; _builder_version=&#8220;4.9.7&#8243; _module_preset=&#8220;default&#8220;][et_pb_text admin_label=&#8220;Kontaktformular&#8220; module_id=&#8220;kontakt-formular&#8220; _builder_version=&#8220;4.9.7&#8243; _module_preset=&#8220;default&#8220;]<\/p>\n<h2>Kontakt<\/h2>\n<p><div class=\"everest-forms\"><script type='text\/javascript'>\n\/* <![CDATA[ *\/\nvar evf_settings = {\"currency_code\":\"USD\",\"currency_thousands\":\",\",\"currency_decimal\":\".\",\"currency_symbol\":\"$\",\"currency_symbol_pos\":\"left\"}\n\/* ]]> *\/\n<\/script>\n<div class=\"evf-container default\" id=\"evf-14188\"><form id=\"evf-form-14188\" class=\"everest-form\" data-formid=\"14188\" data-ajax_submission=\"1\" data-keyboard_friendly_form=\"0\" data-form_state_type=\"\" method=\"post\" enctype=\"multipart\/form-data\" action=\"\/de\/wp-json\/wp\/v2\/pages\/2491\"><div class=\"evf-field-container\"><input type=\"hidden\" id=\"_wpnonce14188\" name=\"_wpnonce14188\" value=\"5f90edd126\" \/><input type=\"hidden\" name=\"_wp_http_referer\" value=\"\/de\/wp-json\/wp\/v2\/pages\/2491\" \/><div class=\"evf-frontend-row\" data-row=\"row_4\" conditional_rules=\"[]\"><div class=\"evf-frontend-grid evf-grid-2\" data-grid=\"grid_1\"><div id=\"evf-14188-field_TAmI6tmyKp-14-container\" class=\"evf-field evf-field-text form-row validate-required\" data-required-field-message=\"This field is required.\" data-field-id=\"TAmI6tmyKp-14\"><label class=\"evf-field-label evf-label-hide\" for=\"evf-14188-field_TAmI6tmyKp-14\"><span class=\"evf-label\">Firma<\/span> <abbr class=\"required\" title=\"Required\">*<\/abbr><\/label><input type=\"text\" id=\"evf-14188-field_TAmI6tmyKp-14\" class=\"input-text\" name=\"everest_forms[form_fields][TAmI6tmyKp-14]\" placeholder=\"Firma*\" conditional_id=\"TAmI6tmyKp-14\" required><\/div><\/div><div class=\"evf-frontend-grid evf-grid-2\" data-grid=\"grid_2\"><div id=\"evf-14188-field_kkiUUWqLvX-15-container\" class=\"evf-field evf-field-url form-row\" data-field-id=\"kkiUUWqLvX-15\"><label class=\"evf-field-label evf-label-hide\" for=\"evf-14188-field_kkiUUWqLvX-15\"><span class=\"evf-label\">Website \/ URL<\/span> <\/label><input type=\"url\" id=\"evf-14188-field_kkiUUWqLvX-15\" class=\"input-text\" name=\"everest_forms[form_fields][kkiUUWqLvX-15]\" placeholder=\"Webseite\" conditional_id=\"kkiUUWqLvX-15\"  ><\/div><\/div><\/div><div class=\"evf-frontend-row\" data-row=\"row_1\" conditional_rules=\"[]\"><div class=\"evf-frontend-grid evf-grid-2\" data-grid=\"grid_1\"><div id=\"evf-14188-field_mtlxbsZqwA-1-container\" class=\"evf-field evf-field-text form-row validate-required\" data-required-field-message=\"This field is required.\" data-field-id=\"mtlxbsZqwA-1\"><label class=\"evf-field-label evf-label-hide\" for=\"evf-14188-field_mtlxbsZqwA-1\"><span class=\"evf-label\">Vorname<\/span> <abbr class=\"required\" title=\"Required\">*<\/abbr><\/label><input type=\"text\" id=\"evf-14188-field_mtlxbsZqwA-1\" class=\"input-text\" name=\"everest_forms[form_fields][mtlxbsZqwA-1]\" placeholder=\"Vorname*\" conditional_id=\"mtlxbsZqwA-1\" required><\/div><\/div><div class=\"evf-frontend-grid evf-grid-2\" data-grid=\"grid_2\"><div id=\"evf-14188-field_afZuRUxpZ3-2-container\" class=\"evf-field evf-field-text form-row validate-required\" data-required-field-message=\"This field is required.\" data-field-id=\"afZuRUxpZ3-2\"><label class=\"evf-field-label evf-label-hide\" for=\"evf-14188-field_afZuRUxpZ3-2\"><span class=\"evf-label\">Nachname<\/span> <abbr class=\"required\" title=\"Required\">*<\/abbr><\/label><input type=\"text\" id=\"evf-14188-field_afZuRUxpZ3-2\" class=\"input-text\" name=\"everest_forms[form_fields][afZuRUxpZ3-2]\" placeholder=\"Nachname*\" conditional_id=\"afZuRUxpZ3-2\" required><\/div><\/div><\/div><div class=\"evf-frontend-row\" data-row=\"row_2\" conditional_rules=\"[]\"><div class=\"evf-frontend-grid evf-grid-2\" data-grid=\"grid_1\"><div id=\"evf-14188-field_WepKVnGhGX-3-container\" class=\"evf-field evf-field-email form-row validate-required validate-email\" data-required-field-message=\"Please enter a valid email address.\" data-field-id=\"WepKVnGhGX-3\"><label class=\"evf-field-label evf-label-hide\" for=\"evf-14188-field_WepKVnGhGX-3\"><span class=\"evf-label\">Email<\/span> <abbr class=\"required\" title=\"Required\">*<\/abbr><\/label><input type=\"email\" id=\"evf-14188-field_WepKVnGhGX-3\" class=\"input-text\" name=\"everest_forms[form_fields][WepKVnGhGX-3]\" placeholder=\"Email Adresse*\" conditional_id=\"WepKVnGhGX-3\" required ><\/div><\/div><div class=\"evf-frontend-grid evf-grid-2\" data-grid=\"grid_2\"><div id=\"evf-14188-field_Gp4FfM1EVq-4-container\" class=\"evf-field evf-field-text form-row validate-required\" data-required-field-message=\"This field is required.\" data-field-id=\"Gp4FfM1EVq-4\"><label class=\"evf-field-label evf-label-hide\" for=\"evf-14188-field_Gp4FfM1EVq-4\"><span class=\"evf-label\">Telefon<\/span> <abbr class=\"required\" title=\"Required\">*<\/abbr><\/label><input type=\"text\" id=\"evf-14188-field_Gp4FfM1EVq-4\" class=\"input-text\" name=\"everest_forms[form_fields][Gp4FfM1EVq-4]\" placeholder=\"Telefonnummer*\" conditional_id=\"Gp4FfM1EVq-4\" required><\/div><\/div><\/div><div class=\"evf-frontend-row\" data-row=\"row_3\" conditional_rules=\"[]\"><div class=\"evf-frontend-grid evf-grid-1\" data-grid=\"grid_1\"><div id=\"evf-14188-field_RsH1ADcyud-5-container\" class=\"evf-field evf-field-textarea form-row validate-required\" data-required-field-message=\"This field is required.\" data-field-id=\"RsH1ADcyud-5\"><label class=\"evf-field-label evf-label-hide\" for=\"evf-14188-field_RsH1ADcyud-5\"><span class=\"evf-label\">Nachricht<\/span> <abbr class=\"required\" title=\"Required\">*<\/abbr><\/label><textarea id=\"evf-14188-field_RsH1ADcyud-5\" class=\"input-text\" name=\"everest_forms[form_fields][RsH1ADcyud-5]\" placeholder=\"Nachricht*\" conditional_id=\"RsH1ADcyud-5\" required ><\/textarea><\/div><div id=\"evf-14188-field_tutV8meIbJ-16-container\" class=\"evf-field evf-field-recaptcha form-row\" data-field-id=\"tutV8meIbJ-16\"><div class=\"evf-recaptcha-container recaptcha-hidden\" style=\"display:block\"><input type=\"hidden\" name=\"everest_forms[recaptcha]\" value=\"\"><\/div><\/div><div id=\"evf-14188-field_qM65L8f6m0-6-container\" class=\"evf-field evf-field-privacy-policy form-row validate-required\" data-required-field-message=\"This field is required.\" data-field-id=\"qM65L8f6m0-6\"><label class=\"evf-field-label evf-label-hide\" for=\"evf-14188-field_qM65L8f6m0-6\"><span class=\"evf-label\">Privacy Policy<\/span> <abbr class=\"required\" title=\"Required\">*<\/abbr><\/label><input type=\"checkbox\" value=\"Ich bin mit der Verwendung und Speicherung meiner Daten einverstanden. Weitere Informationen finden Sie in der [Datenschutzerkl\u00e4rung](\/de\/datenschutz\/).\" id=\"evf-14188-field_qM65L8f6m0-6\" class=\"input-text\" name=\"everest_forms[form_fields][qM65L8f6m0-6]\" conditional_id=\"qM65L8f6m0-6\" required \/><label class=\"evf-privacy-policy-consent-message\" for=\"evf-14188-field_qM65L8f6m0-6\">Ich bin mit der Verwendung und Speicherung meiner Daten einverstanden. Weitere Informationen finden Sie in der <a data-page-id=\"\" target=\"_blank\" rel=\"noopener noreferrer nofollow\" href=\"\/de\/datenschutz\/\" class=\"\">Datenschutzerkl\u00e4rung<\/a>.<\/label><div class=\"evf-privacy-policy-local-page-contents\"><\/div><\/div><\/div><\/div><\/div><div class=\"evf-honeypot-container evf-field-hp\"><label for=\"evf-14188-field-hp\" class=\"evf-field-label\">Phone<\/label><input type=\"text\" name=\"everest_forms[hp]\" id=\"evf-14188-field-hp\" class=\"input-text\"><\/div><div class=\"evf-submit-container \" ><input type=\"hidden\" name=\"everest_forms[id]\" value=\"14188\"><input type=\"hidden\" name=\"everest_forms[author]\" value=\"6\"><button type='submit' name='everest_forms[submit]' class='everest-forms-submit-button button evf-submit et_pb_button' id='evf-submit-14188' value='evf-submit' data-process-text=\"senden\u2026\" conditional_rules='&quot;&quot;' conditional_id='evf-submit-14188'  id=\"evf-submit-14188\" aria-live=\"assertive\">Senden<\/button><\/div><\/form><\/div><!-- .evf-container --><\/div>[\/et_pb_text][\/et_pb_column][\/et_pb_row][\/et_pb_section][et_pb_section fb_built=&#8220;1&#8243; module_id=&#8220;Kontakt&#8220; _builder_version=&#8220;4.4.4&#8243; saved_tabs=&#8220;all&#8220; locked=&#8220;off&#8220; collapsed=&#8220;off&#8220; disabled_on=&#8220;on|on|on&#8220; disabled=&#8220;on&#8220;][et_pb_row column_structure=&#8220;1_2,1_2&#8243; _builder_version=&#8220;4.4.3&#8243;][et_pb_column type=&#8220;1_2&#8243; _builder_version=&#8220;4.4.3&#8243;][et_pb_text _builder_version=&#8220;4.4.4&#8243;]<\/p>\n<h2>Ihr Ansprechpartner<\/h2>\n<p>Herr Dirk Wohlgemuth, Vertriebsleiter<\/p>\n<p>[\/et_pb_text][et_pb_image src=&#8220;https:\/\/www.iic-ag.com\/wp-content\/uploads\/Dirk-Wohlgemuth-0071.jpg&#8220; title_text=&#8220;Dirk-Wohlgemuth-0071&#8243; _builder_version=&#8220;4.4.4&#8243; transform_scale=&#8220;66%|66%&#8220;][\/et_pb_image][\/et_pb_column][et_pb_column type=&#8220;1_2&#8243; _builder_version=&#8220;4.4.3&#8243;][et_pb_text admin_label=&#8220;Kontakt-Formular&#8220; module_id=&#8220;kontakt-formular&#8220; _builder_version=&#8220;4.4.3&#8243;]<\/p>\n<h2>Kontakt<\/h2>\n<p><div class=\"everest-forms\"><script type='text\/javascript'>\n\/* <![CDATA[ *\/\nvar evf_settings = {\"currency_code\":\"USD\",\"currency_thousands\":\",\",\"currency_decimal\":\".\",\"currency_symbol\":\"$\",\"currency_symbol_pos\":\"left\"}\n\/* ]]> *\/\n<\/script>\n<div class=\"evf-container default\" id=\"evf-14188\"><form id=\"evf-form-14188\" class=\"everest-form\" data-formid=\"14188\" data-ajax_submission=\"1\" data-keyboard_friendly_form=\"0\" data-form_state_type=\"\" method=\"post\" enctype=\"multipart\/form-data\" action=\"\/de\/wp-json\/wp\/v2\/pages\/2491\"><div class=\"evf-field-container\"><input type=\"hidden\" id=\"_wpnonce14188\" name=\"_wpnonce14188\" value=\"5f90edd126\" \/><input type=\"hidden\" name=\"_wp_http_referer\" value=\"\/de\/wp-json\/wp\/v2\/pages\/2491\" \/><div class=\"evf-frontend-row\" data-row=\"row_4\" conditional_rules=\"[]\"><div class=\"evf-frontend-grid evf-grid-2\" data-grid=\"grid_1\"><div id=\"evf-14188-field_TAmI6tmyKp-14-container\" class=\"evf-field evf-field-text form-row validate-required\" data-required-field-message=\"This field is required.\" data-field-id=\"TAmI6tmyKp-14\"><label class=\"evf-field-label evf-label-hide\" for=\"evf-14188-field_TAmI6tmyKp-14\"><span class=\"evf-label\">Firma<\/span> <abbr class=\"required\" title=\"Required\">*<\/abbr><\/label><input type=\"text\" id=\"evf-14188-field_TAmI6tmyKp-14\" class=\"input-text\" name=\"everest_forms[form_fields][TAmI6tmyKp-14]\" placeholder=\"Firma*\" conditional_id=\"TAmI6tmyKp-14\" required><\/div><\/div><div class=\"evf-frontend-grid evf-grid-2\" data-grid=\"grid_2\"><div id=\"evf-14188-field_kkiUUWqLvX-15-container\" class=\"evf-field evf-field-url form-row\" data-field-id=\"kkiUUWqLvX-15\"><label class=\"evf-field-label evf-label-hide\" for=\"evf-14188-field_kkiUUWqLvX-15\"><span class=\"evf-label\">Website \/ URL<\/span> <\/label><input type=\"url\" id=\"evf-14188-field_kkiUUWqLvX-15\" class=\"input-text\" name=\"everest_forms[form_fields][kkiUUWqLvX-15]\" placeholder=\"Webseite\" conditional_id=\"kkiUUWqLvX-15\"  ><\/div><\/div><\/div><div class=\"evf-frontend-row\" data-row=\"row_1\" conditional_rules=\"[]\"><div class=\"evf-frontend-grid evf-grid-2\" data-grid=\"grid_1\"><div id=\"evf-14188-field_mtlxbsZqwA-1-container\" class=\"evf-field evf-field-text form-row validate-required\" data-required-field-message=\"This field is required.\" data-field-id=\"mtlxbsZqwA-1\"><label class=\"evf-field-label evf-label-hide\" for=\"evf-14188-field_mtlxbsZqwA-1\"><span class=\"evf-label\">Vorname<\/span> <abbr class=\"required\" title=\"Required\">*<\/abbr><\/label><input type=\"text\" id=\"evf-14188-field_mtlxbsZqwA-1\" class=\"input-text\" name=\"everest_forms[form_fields][mtlxbsZqwA-1]\" placeholder=\"Vorname*\" conditional_id=\"mtlxbsZqwA-1\" required><\/div><\/div><div class=\"evf-frontend-grid evf-grid-2\" data-grid=\"grid_2\"><div id=\"evf-14188-field_afZuRUxpZ3-2-container\" class=\"evf-field evf-field-text form-row validate-required\" data-required-field-message=\"This field is required.\" data-field-id=\"afZuRUxpZ3-2\"><label class=\"evf-field-label evf-label-hide\" for=\"evf-14188-field_afZuRUxpZ3-2\"><span class=\"evf-label\">Nachname<\/span> <abbr class=\"required\" title=\"Required\">*<\/abbr><\/label><input type=\"text\" id=\"evf-14188-field_afZuRUxpZ3-2\" class=\"input-text\" name=\"everest_forms[form_fields][afZuRUxpZ3-2]\" placeholder=\"Nachname*\" conditional_id=\"afZuRUxpZ3-2\" required><\/div><\/div><\/div><div class=\"evf-frontend-row\" data-row=\"row_2\" conditional_rules=\"[]\"><div class=\"evf-frontend-grid evf-grid-2\" data-grid=\"grid_1\"><div id=\"evf-14188-field_WepKVnGhGX-3-container\" class=\"evf-field evf-field-email form-row validate-required validate-email\" data-required-field-message=\"Please enter a valid email address.\" data-field-id=\"WepKVnGhGX-3\"><label class=\"evf-field-label evf-label-hide\" for=\"evf-14188-field_WepKVnGhGX-3\"><span class=\"evf-label\">Email<\/span> <abbr class=\"required\" title=\"Required\">*<\/abbr><\/label><input type=\"email\" id=\"evf-14188-field_WepKVnGhGX-3\" class=\"input-text\" name=\"everest_forms[form_fields][WepKVnGhGX-3]\" placeholder=\"Email Adresse*\" conditional_id=\"WepKVnGhGX-3\" required ><\/div><\/div><div class=\"evf-frontend-grid evf-grid-2\" data-grid=\"grid_2\"><div id=\"evf-14188-field_Gp4FfM1EVq-4-container\" class=\"evf-field evf-field-text form-row validate-required\" data-required-field-message=\"This field is required.\" data-field-id=\"Gp4FfM1EVq-4\"><label class=\"evf-field-label evf-label-hide\" for=\"evf-14188-field_Gp4FfM1EVq-4\"><span class=\"evf-label\">Telefon<\/span> <abbr class=\"required\" title=\"Required\">*<\/abbr><\/label><input type=\"text\" id=\"evf-14188-field_Gp4FfM1EVq-4\" class=\"input-text\" name=\"everest_forms[form_fields][Gp4FfM1EVq-4]\" placeholder=\"Telefonnummer*\" conditional_id=\"Gp4FfM1EVq-4\" required><\/div><\/div><\/div><div class=\"evf-frontend-row\" data-row=\"row_3\" conditional_rules=\"[]\"><div class=\"evf-frontend-grid evf-grid-1\" data-grid=\"grid_1\"><div id=\"evf-14188-field_RsH1ADcyud-5-container\" class=\"evf-field evf-field-textarea form-row validate-required\" data-required-field-message=\"This field is required.\" data-field-id=\"RsH1ADcyud-5\"><label class=\"evf-field-label evf-label-hide\" for=\"evf-14188-field_RsH1ADcyud-5\"><span class=\"evf-label\">Nachricht<\/span> <abbr class=\"required\" title=\"Required\">*<\/abbr><\/label><textarea id=\"evf-14188-field_RsH1ADcyud-5\" class=\"input-text\" name=\"everest_forms[form_fields][RsH1ADcyud-5]\" placeholder=\"Nachricht*\" conditional_id=\"RsH1ADcyud-5\" required ><\/textarea><\/div><div id=\"evf-14188-field_tutV8meIbJ-16-container\" class=\"evf-field evf-field-recaptcha form-row\" data-field-id=\"tutV8meIbJ-16\"><div class=\"evf-recaptcha-container recaptcha-hidden\" style=\"display:block\"><input type=\"hidden\" name=\"everest_forms[recaptcha]\" value=\"\"><\/div><\/div><div id=\"evf-14188-field_qM65L8f6m0-6-container\" class=\"evf-field evf-field-privacy-policy form-row validate-required\" data-required-field-message=\"This field is required.\" data-field-id=\"qM65L8f6m0-6\"><label class=\"evf-field-label evf-label-hide\" for=\"evf-14188-field_qM65L8f6m0-6\"><span class=\"evf-label\">Privacy Policy<\/span> <abbr class=\"required\" title=\"Required\">*<\/abbr><\/label><input type=\"checkbox\" value=\"Ich bin mit der Verwendung und Speicherung meiner Daten einverstanden. Weitere Informationen finden Sie in der [Datenschutzerkl\u00e4rung](\/de\/datenschutz\/).\" id=\"evf-14188-field_qM65L8f6m0-6\" class=\"input-text\" name=\"everest_forms[form_fields][qM65L8f6m0-6]\" conditional_id=\"qM65L8f6m0-6\" required \/><label class=\"evf-privacy-policy-consent-message\" for=\"evf-14188-field_qM65L8f6m0-6\">Ich bin mit der Verwendung und Speicherung meiner Daten einverstanden. Weitere Informationen finden Sie in der <a data-page-id=\"\" target=\"_blank\" rel=\"noopener noreferrer nofollow\" href=\"\/de\/datenschutz\/\" class=\"\">Datenschutzerkl\u00e4rung<\/a>.<\/label><div class=\"evf-privacy-policy-local-page-contents\"><\/div><\/div><\/div><\/div><\/div><div class=\"evf-honeypot-container evf-field-hp\"><label for=\"evf-14188-field-hp\" class=\"evf-field-label\">Email<\/label><input type=\"text\" name=\"everest_forms[hp]\" id=\"evf-14188-field-hp\" class=\"input-text\"><\/div><div class=\"evf-submit-container \" ><input type=\"hidden\" name=\"everest_forms[id]\" value=\"14188\"><input type=\"hidden\" name=\"everest_forms[author]\" value=\"6\"><button type='submit' name='everest_forms[submit]' class='everest-forms-submit-button button evf-submit et_pb_button' id='evf-submit-14188' value='evf-submit' data-process-text=\"senden\u2026\" conditional_rules='&quot;&quot;' conditional_id='evf-submit-14188'  id=\"evf-submit-14188\" aria-live=\"assertive\">Senden<\/button><\/div><\/form><\/div><!-- .evf-container --><\/div>[\/et_pb_text][\/et_pb_column][\/et_pb_row][\/et_pb_section][et_pb_section fb_built=&#8220;1&#8243; module_class=&#8220;weitere-produkte jfm-fokusboxen&#8220; _builder_version=&#8220;4.4.4&#8243;][et_pb_row _builder_version=&#8220;4.4.3&#8243; locked=&#8220;off&#8220;][et_pb_column type=&#8220;4_4&#8243; _builder_version=&#8220;4.4.3&#8243;][et_pb_text admin_label=&#8220;Text&#8220; _builder_version=&#8220;4.4.4&#8243;]<\/p>\n<h2 style=\"text-align: center;\">Das k\u00f6nnte Sie auch interessieren:<\/h2>\n<p>[\/et_pb_text][\/et_pb_column][\/et_pb_row][et_pb_row column_structure=&#8220;1_4,1_4,1_4,1_4&#8243; _builder_version=&#8220;4.4.4&#8243; locked=&#8220;off&#8220;][et_pb_column type=&#8220;1_4&#8243; _builder_version=&#8220;4.4.3&#8243;][et_pb_blurb url=&#8220;\/de\/individuelle-lebensmittelverpackungen\/&#8220; image=&#8220;https:\/\/www.iic-ag.com\/wp-content\/uploads\/Banner-Brekkie-1.jpg&#8220; module_class=&#8220;landscape-img&#8220; _builder_version=&#8220;4.4.4&#8243; header_level=&#8220;h3&#8243; header_text_align=&#8220;center&#8220; link_option_url=&#8220;\/de\/individuelle-lebensmittelverpackungen\/&#8220;][\/et_pb_blurb][et_pb_button button_url=&#8220;\/de\/individuelle-lebensmittelverpackungen\/&#8220; button_text=&#8220;Individuelle Verpackungen&#8220; _builder_version=&#8220;4.4.4&#8243;][\/et_pb_button][\/et_pb_column][et_pb_column type=&#8220;1_4&#8243; _builder_version=&#8220;4.4.3&#8243;][et_pb_blurb url=&#8220;\/de\/verpackungen\/produkte\/&#8220; image=&#8220;https:\/\/www.iic-ag.com\/wp-content\/uploads\/Banner-Confectionary.jpg&#8220; _builder_version=&#8220;4.4.4&#8243; header_level=&#8220;h3&#8243; header_text_align=&#8220;center&#8220; link_option_url=&#8220;\/de\/verpackungen\/produkte\/&#8220;][\/et_pb_blurb][et_pb_button button_url=&#8220;\/de\/verpackungen\/produkte\/&#8220; button_text=&#8220;Produkte&#8220; _builder_version=&#8220;4.4.4&#8243;][\/et_pb_button][\/et_pb_column][et_pb_column type=&#8220;1_4&#8243; _builder_version=&#8220;4.4.3&#8243;][et_pb_blurb url=&#8220;\/de\/individuelle-lebensmittelverpackungen\/technologie\/&#8220; image=&#8220;https:\/\/www.iic-ag.com\/wp-content\/uploads\/Banner-Technologie-klein.jpg&#8220; _builder_version=&#8220;4.4.4&#8243; header_level=&#8220;h3&#8243; header_text_align=&#8220;center&#8220; link_option_url=&#8220;\/de\/individuelle-lebensmittelverpackungen\/technologie\/&#8220;][\/et_pb_blurb][et_pb_button button_url=&#8220;\/de\/individuelle-lebensmittelverpackungen\/technologie\/&#8220; button_text=&#8220;Technologie&#8220; _builder_version=&#8220;4.4.4&#8243;][\/et_pb_button][\/et_pb_column][et_pb_column type=&#8220;1_4&#8243; _builder_version=&#8220;4.4.3&#8243;][et_pb_blurb url=&#8220;\/de\/lebensmittelverpackung-branchen\/&#8220; image=&#8220;https:\/\/www.iic-ag.com\/wp-content\/uploads\/tubs-group-54.jpg&#8220; module_class=&#8220;landscape-img&#8220; _builder_version=&#8220;4.4.4&#8243; header_level=&#8220;h3&#8243; header_text_align=&#8220;center&#8220; link_option_url=&#8220;\/de\/lebensmittelverpackung-branchen\/&#8220;][\/et_pb_blurb][et_pb_button button_url=&#8220;\/de\/lebensmittelverpackung-branchen\/&#8220; button_text=&#8220;Branchen&#8220; _builder_version=&#8220;4.4.4&#8243;][\/et_pb_button][\/et_pb_column][\/et_pb_row][\/et_pb_section]<\/p>\n","protected":false},"excerpt":{"rendered":"<p>InnovationenUnsere Forschung und Entwicklung steht niemals still, denn unsere Experten kennen die Trends der Zukunft. Dabei richten wir den Blick nicht nur nach rechts und links, sondern in die Welt. Unsere internationale Struktur kommt uns dabei zu Gute, sodass wir Trends fr\u00fchzeitig identifizieren und umsetzen. Unsere innovativen Konzepte sind teilweise preisgekr\u00f6nt und mehrfach ausgezeichnet. Erfahren [&hellip;]<\/p>\n","protected":false},"author":6,"featured_media":0,"parent":480,"menu_order":0,"comment_status":"closed","ping_status":"closed","template":"","meta":{"_et_pb_use_builder":"on","_et_pb_old_content":"","_et_gb_content_width":"","footnotes":""},"class_list":["post-2491","page","type-page","status-publish","hentry"],"_links":{"self":[{"href":"https:\/\/www.iic-ag.com\/de\/wp-json\/wp\/v2\/pages\/2491","targetHints":{"allow":["GET"]}}],"collection":[{"href":"https:\/\/www.iic-ag.com\/de\/wp-json\/wp\/v2\/pages"}],"about":[{"href":"https:\/\/www.iic-ag.com\/de\/wp-json\/wp\/v2\/types\/page"}],"author":[{"embeddable":true,"href":"https:\/\/www.iic-ag.com\/de\/wp-json\/wp\/v2\/users\/6"}],"replies":[{"embeddable":true,"href":"https:\/\/www.iic-ag.com\/de\/wp-json\/wp\/v2\/comments?post=2491"}],"version-history":[{"count":45,"href":"https:\/\/www.iic-ag.com\/de\/wp-json\/wp\/v2\/pages\/2491\/revisions"}],"predecessor-version":[{"id":13629,"href":"https:\/\/www.iic-ag.com\/de\/wp-json\/wp\/v2\/pages\/2491\/revisions\/13629"}],"up":[{"embeddable":true,"href":"https:\/\/www.iic-ag.com\/de\/wp-json\/wp\/v2\/pages\/480"}],"wp:attachment":[{"href":"https:\/\/www.iic-ag.com\/de\/wp-json\/wp\/v2\/media?parent=2491"}],"curies":[{"name":"wp","href":"https:\/\/api.w.org\/{rel}","templated":true}]}}