{"id":2790,"date":"2020-07-14T12:55:35","date_gmt":"2020-07-14T10:55:35","guid":{"rendered":"https:\/\/www.iic-ag.com\/?page_id=2790"},"modified":"2025-12-11T12:27:52","modified_gmt":"2025-12-11T11:27:52","slug":"impressum","status":"publish","type":"page","link":"https:\/\/www.iic-ag.com\/de\/impressum\/","title":{"rendered":"Impressum"},"content":{"rendered":"<p>[et_pb_section fb_built=&#8220;1&#8243; _builder_version=&#8220;4.16&#8243; collapsed=&#8220;off&#8220; global_colors_info=&#8220;{}&#8220;][et_pb_row _builder_version=&#8220;4.16&#8243; global_colors_info=&#8220;{}&#8220;][et_pb_column type=&#8220;4_4&#8243; _builder_version=&#8220;4.16&#8243; global_colors_info=&#8220;{}&#8220;][et_pb_text admin_label=&#8220;Text&#8220; _builder_version=&#8220;4.16&#8243; global_colors_info=&#8220;{}&#8220;]<\/p>\n<h1>Impressum<\/h1>\n<h2>Anbieter dieser Website \/ Website nach \u00a7 5 TMG<\/h2>\n<p>&nbsp;<\/p>\n<p>IIC International AG &#8211; Hauptsitz<\/p>\n<p>Verantwortlich f\u00fcr den Inhalt:<br \/>Herr Wolfgang Walk<br \/>Breisacher Stra\u00dfe 86<br \/>79110 Freiburg<br \/>Deutschland<\/p>\n<p>Telefon: +49 (0) 761 20 85 20<br \/>Fax: +49 (0) 761 2085210<\/p>\n<p>E-Mail: info[at]iic-ag.com<\/p>\n<p>Web: <a class=\"s12\" href=\"https:\/\/www.iic-ag.com\/de\/\" target=\"_blank\" rel=\"noopener noreferrer\">https:\/\/www.iic-ag.com<\/a><\/p>\n<h2>Der Vorstand:<\/h2>\n<p>Dipl. Ing., Dipl.-Wirt.-Ing.<br \/>Wolfgang Walk, Vorsitzender<\/p>\n<h2>Vorsitzender des Aufsichtsrates:<\/h2>\n<p>Dr. jur. Ernst-Ulrich Dobler <\/p>\n<h2>Eintrag registrieren:<\/h2>\n<p>Eingetragener Sitz: Freiburg i.Br.<br \/>Registernummer: HRB 5880<br \/>Registergericht: Amtsgericht Freiburg \/ Deutschland<\/p>\n<h2>Umsatzsteuer-Identifikationsnummer:<\/h2>\n<p>DE 811 870 305<\/p>\n<h2 class=\"large\">Haftungsausschluss<\/h2>\n<p>Der Betreiber der Website und verantwortlich f\u00fcr den Inhalt im Sinne des Datenschutzes ist:<\/p>\n<h2>IIC International AG<\/h2>\n<p>Breisacher Stra\u00dfe 86<br \/>79110 Freiburg i. Br.<br \/>Deutschland <\/p>\n<h2>Haftungsbeschr\u00e4nkung f\u00fcr interne Inhalte<\/h2>\n<p>Die Inhalte unserer Website wurden mit gr\u00f6\u00dftm\u00f6glicher Sorgfalt und nach bestem Wissen und Gewissen zusammengestellt. Dennoch k\u00f6nnen wir keine Haftung f\u00fcr die Aktualit\u00e4t, Vollst\u00e4ndigkeit und Richtigkeit der Seiten \u00fcbernehmen. <\/p>\n<p>Gem\u00e4\u00df \u00a7 7 Abs.. 1 TMG (Telemediengesetz) sind wir als Diensteanbieter f\u00fcr eigene Inhalte auf diesen Seiten nach den allgemeinen Gesetzen verantwortlich. Nach \u00a7\u00a7 8 bis 10 TMG sind wir als Diensteanbieter jedoch nicht verpflichtet, \u00fcbermittelte oder gespeicherte fremde Informationen zu \u00fcberwachen. Bei Bekanntwerden von entsprechenden Rechtsverletzungen werden wir diese Inhalte umgehend entfernen. Eine diesbez\u00fcgliche Haftung ist jedoch erst ab dem Zeitpunkt der Kenntnis einer konkreten Rechtsverletzung m\u00f6glich.    <\/p>\n<h2>Haftungsbeschr\u00e4nkung f\u00fcr externe Links<\/h2>\n<p>Unsere Website enth\u00e4lt Links zu Websites von Dritten (&#8222;externe Links&#8220;). Da der Inhalt dieser Websites nicht unserer Kontrolle unterliegt, k\u00f6nnen wir keine Haftung f\u00fcr diese externen Inhalte \u00fcbernehmen. F\u00fcr den Inhalt und die Richtigkeit der Informationen auf den verlinkten Websites ist in jedem Fall der jeweilige Anbieter verantwortlich. Zum Zeitpunkt der Linksetzung waren f\u00fcr uns keine Rechtsverst\u00f6\u00dfe erkennbar. Sobald uns ein Rechtsversto\u00df bekannt wird, werden wir den betreffenden Link unverz\u00fcglich entfernen.    <\/p>\n<h2>Copyright<\/h2>\n<p>Die auf dieser Website ver\u00f6ffentlichten Inhalte und Werke unterliegen dem deutschen Urheberrecht. Die Vervielf\u00e4ltigung, Bearbeitung, Verbreitung und jede Art der Verwertung au\u00dferhalb der Grenzen des Urheberrechtes bed\u00fcrfen der vorherigen schriftlichen Zustimmung des jeweiligen Autors bzw. Erstellers. <\/p>\n<h2>Datenschutz<\/h2>\n<p>Texte, Bilder, Grafiken, Animationen, Audio- und Videodaten sind durch das Urheberrecht und andere Schutzgesetze gesch\u00fctzt.<\/p>\n<p>Der Besuch unserer Website kann dazu f\u00fchren, dass auf unserem Server Informationen \u00fcber den Zugriff (Datum, Uhrzeit, aufgerufene Seite) gespeichert werden. Dies stellt keine Analyse personenbezogener Daten (z.B. Name, Adresse oder E-Mail-Adresse) dar. Wenn personenbezogene Daten erhoben werden, geschieht dies &#8211; soweit m\u00f6glich &#8211; nur mit der vorherigen Zustimmung des Nutzers der Website. Eine Weitergabe der Daten an Dritte ohne die ausdr\u00fcckliche Zustimmung des Nutzers findet nicht statt.   <\/p>\n<p>Wir weisen ausdr\u00fccklich darauf hin, dass die Daten\u00fcbertragung im Internet (z.B. per E-Mail) Sicherheitsl\u00fccken aufweisen kann. Ein l\u00fcckenloser Schutz der Daten vor dem Zugriff durch Dritte ist daher nicht m\u00f6glich. Wir k\u00f6nnen keine Haftung f\u00fcr Sch\u00e4den \u00fcbernehmen, die durch solche Sicherheitsl\u00fccken entstehen.  <\/p>\n<p>Die Nutzung aller ver\u00f6ffentlichten Kontaktdaten durch Dritte zu Werbezwecken ist ausdr\u00fccklich ausgeschlossen. Wir behalten uns vor, rechtliche Schritte im Falle der unverlangten Zusendung von Werbeinformationen, z.B. durch Spam-Mails, einzuleiten. <\/p>\n<p>Alle Informationen \/ Daten nach bestem Wissen und Gewissen, aber ohne Gew\u00e4hr auf Vollst\u00e4ndigkeit und Richtigkeit.<\/p>\n<p>[\/et_pb_text][\/et_pb_column][\/et_pb_row][\/et_pb_section]<\/p>\n","protected":false},"excerpt":{"rendered":"<p>Impressum Anbieter dieser Website \/ Website nach \u00a7 5 TMG &nbsp; IIC International AG &#8211; Hauptsitz Verantwortlich f\u00fcr den Inhalt:Herr Wolfgang WalkBreisacher Stra\u00dfe 8679110 FreiburgDeutschland Telefon: +49 (0) 761 20 85 20Fax: +49 (0) 761 2085210 E-Mail: info[at]iic-ag.com Web: https:\/\/www.iic-ag.com Der Vorstand: Dipl. Ing., Dipl.-Wirt.-Ing.Wolfgang Walk, Vorsitzender Vorsitzender des Aufsichtsrates: Dr. jur. Ernst-Ulrich Dobler Eintrag [&hellip;]<\/p>\n","protected":false},"author":6,"featured_media":0,"parent":0,"menu_order":0,"comment_status":"closed","ping_status":"closed","template":"","meta":{"_et_pb_use_builder":"on","_et_pb_old_content":"","_et_gb_content_width":"","footnotes":""},"class_list":["post-2790","page","type-page","status-publish","hentry"],"_links":{"self":[{"href":"https:\/\/www.iic-ag.com\/de\/wp-json\/wp\/v2\/pages\/2790","targetHints":{"allow":["GET"]}}],"collection":[{"href":"https:\/\/www.iic-ag.com\/de\/wp-json\/wp\/v2\/pages"}],"about":[{"href":"https:\/\/www.iic-ag.com\/de\/wp-json\/wp\/v2\/types\/page"}],"author":[{"embeddable":true,"href":"https:\/\/www.iic-ag.com\/de\/wp-json\/wp\/v2\/users\/6"}],"replies":[{"embeddable":true,"href":"https:\/\/www.iic-ag.com\/de\/wp-json\/wp\/v2\/comments?post=2790"}],"version-history":[{"count":16,"href":"https:\/\/www.iic-ag.com\/de\/wp-json\/wp\/v2\/pages\/2790\/revisions"}],"predecessor-version":[{"id":14647,"href":"https:\/\/www.iic-ag.com\/de\/wp-json\/wp\/v2\/pages\/2790\/revisions\/14647"}],"wp:attachment":[{"href":"https:\/\/www.iic-ag.com\/de\/wp-json\/wp\/v2\/media?parent=2790"}],"curies":[{"name":"wp","href":"https:\/\/api.w.org\/{rel}","templated":true}]}}