{"id":480,"date":"2020-04-15T14:09:58","date_gmt":"2020-04-15T12:09:58","guid":{"rendered":"https:\/\/www.iic-ag.com\/?page_id=480"},"modified":"2025-11-07T09:19:15","modified_gmt":"2025-11-07T08:19:15","slug":"verpackungen","status":"publish","type":"page","link":"https:\/\/www.iic-ag.com\/de\/verpackungen\/","title":{"rendered":"Verpackungen"},"content":{"rendered":"<p>[et_pb_section fb_built=&#8220;1&#8243; fullwidth=&#8220;on&#8220; _builder_version=&#8220;4.16&#8243; global_colors_info=&#8220;{}&#8220;][et_pb_fullwidth_slider _builder_version=&#8220;4.16&#8243; global_colors_info=&#8220;{}&#8220;][et_pb_slide _builder_version=&#8220;4.16&#8243; background_image=&#8220;https:\/\/www.iic-ag.com\/wp-content\/uploads\/Banner-Becher-Brekkie.jpg&#8220; background_enable_image=&#8220;on&#8220; global_colors_info=&#8220;{}&#8220; sticky_transition=&#8220;on&#8220;][\/et_pb_slide][\/et_pb_fullwidth_slider][\/et_pb_section][et_pb_section fb_built=&#8220;1&#8243; disabled_on=&#8220;on|on|on&#8220; admin_label=&#8220;Big-Title-Section&#8220; _builder_version=&#8220;4.16&#8243; disabled=&#8220;on&#8220; global_colors_info=&#8220;{}&#8220;][et_pb_row _builder_version=&#8220;4.16&#8243; global_colors_info=&#8220;{}&#8220;][et_pb_column type=&#8220;4_4&#8243; _builder_version=&#8220;4.16&#8243; global_colors_info=&#8220;{}&#8220;][et_pb_text admin_label=&#8220;H1 Lebensmittelverpackungen&#8230;&#8220; _builder_version=&#8220;4.16&#8243; global_colors_info=&#8220;{}&#8220;]<\/p>\n<h1>Lebensmittel<wbr>verpackungen<\/h1>\n<p>Wir bieten Ihnen individuelle Verpackungsl\u00f6sungen, die exakt auf Ihre Bed\u00fcrfnisse zugeschnitten sind. Erwarten Sie dar\u00fcber hinaus eine breite Palette an hochwertigen serienm\u00e4\u00dfigen Verpackungen, insbesondere f\u00fcr die Sparten Eiscreme, Feinkost, Milchwaren und S\u00fc\u00dfigkeiten.<\/p>\n<p>[\/et_pb_text][\/et_pb_column][\/et_pb_row][\/et_pb_section][et_pb_section fb_built=&#8220;1&#8243; module_class=&#8220;jfm-fokusboxen&#8220; _builder_version=&#8220;4.16&#8243; global_colors_info=&#8220;{}&#8220;][et_pb_row _builder_version=&#8220;4.16&#8243; global_colors_info=&#8220;{}&#8220;][et_pb_column type=&#8220;4_4&#8243; _builder_version=&#8220;4.16&#8243; global_colors_info=&#8220;{}&#8220;][et_pb_text admin_label=&#8220;H1 Lebensmittelverpackungen&#8230;&#8220; _builder_version=&#8220;4.16&#8243; global_colors_info=&#8220;{}&#8220;]<\/p>\n<h1>Lebensmittel<wbr>verpackungen<\/h1>\n<p>Wir bieten Ihnen individuelle Verpackungsl\u00f6sungen, die exakt auf Ihre Bed\u00fcrfnisse zugeschnitten sind. Erwarten Sie dar\u00fcber hinaus eine breite Palette an hochwertigen serienm\u00e4\u00dfigen Verpackungen, insbesondere f\u00fcr die Sparten Eiscreme, Feinkost, Milchwaren und S\u00fc\u00dfigkeiten.<\/p>\n<p>[\/et_pb_text][\/et_pb_column][\/et_pb_row][et_pb_row admin_label=&#8220;Zeile&#8220; _builder_version=&#8220;4.16&#8243; global_colors_info=&#8220;{}&#8220;][et_pb_column type=&#8220;4_4&#8243; _builder_version=&#8220;4.16&#8243; global_colors_info=&#8220;{}&#8220;][et_pb_text _builder_version=&#8220;4.16&#8243; global_colors_info=&#8220;{}&#8220;]<\/p>\n<h2>Unser Sortiment\u00a0<\/h2>\n<h3>innovativ, individuell, kreativ<\/h3>\n<p>[\/et_pb_text][\/et_pb_column][\/et_pb_row][et_pb_row column_structure=&#8220;1_3,1_3,1_3&#8243; _builder_version=&#8220;4.16&#8243; global_colors_info=&#8220;{}&#8220;][et_pb_column type=&#8220;1_3&#8243; _builder_version=&#8220;4.16&#8243; global_colors_info=&#8220;{}&#8220;][et_pb_blurb title=&#8220;Individuelle Verpackungen&#8220; url=&#8220;\/de\/individuelle-lebensmittelverpackungen\/&#8220; image=&#8220;https:\/\/www.iic-ag.com\/wp-content\/uploads\/Banner-Brekkie-1.jpg&#8220; alt=&#8220;Individuelle Verpackungen von IIC AG&#8220; admin_label=&#8220;Individuelle Verpackungen&#8220; module_class=&#8220;landscape-img&#8220; _builder_version=&#8220;4.16&#8243; header_level=&#8220;h3&#8243; header_text_align=&#8220;left&#8220; link_option_url=&#8220;\/de\/individuelle-lebensmittelverpackungen\/&#8220; locked=&#8220;off&#8220; global_colors_info=&#8220;{}&#8220;]<\/p>\n<p>Mehr zu unseren ma\u00dfgeschneiderten Verpackungen!<\/p>\n<p>[\/et_pb_blurb][et_pb_button button_url=&#8220;\/de\/individuelle-lebensmittelverpackungen\/&#8220; button_text=&#8220;Zu den Verpackungen&#8220; _builder_version=&#8220;4.16&#8243; locked=&#8220;off&#8220; global_colors_info=&#8220;{}&#8220;][\/et_pb_button][\/et_pb_column][et_pb_column type=&#8220;1_3&#8243; _builder_version=&#8220;4.16&#8243; global_colors_info=&#8220;{}&#8220;][et_pb_blurb title=&#8220;Produkte&#8220; url=&#8220;\/de\/verpackungen\/produkte\/&#8220; image=&#8220;https:\/\/www.iic-ag.com\/wp-content\/uploads\/etray-group-49.jpg&#8220; alt=&#8220;\u00dcbersicht der Produktpalette von IIC AG&#8220; admin_label=&#8220;Produkte&#8220; module_class=&#8220;landscape-img&#8220; _builder_version=&#8220;4.16&#8243; header_level=&#8220;h3&#8243; header_text_align=&#8220;left&#8220; link_option_url=&#8220;\/de\/verpackungen\/produkte\/&#8220; global_colors_info=&#8220;{}&#8220;]<\/p>\n<p>Bestehende Formen und Varianten serienm\u00e4\u00dfiger Verpackungen!<\/p>\n<p>[\/et_pb_blurb][et_pb_button button_url=&#8220;\/de\/verpackungen\/produkte\/&#8220; button_text=&#8220;Zu den Produkten&#8220; _builder_version=&#8220;4.16&#8243; global_colors_info=&#8220;{}&#8220;][\/et_pb_button][\/et_pb_column][et_pb_column type=&#8220;1_3&#8243; _builder_version=&#8220;4.16&#8243; global_colors_info=&#8220;{}&#8220;][et_pb_blurb title=&#8220;Innovationen&#8220; url=&#8220;\/de\/verpackungen\/innovationen\/&#8220; image=&#8220;https:\/\/www.iic-ag.com\/wp-content\/uploads\/Banner-Innovation-Packaging.jpg&#8220; alt=&#8220;Die Inspirationen von IIC AG&#8220; admin_label=&#8220;Innovationen&#8220; module_class=&#8220;landscape-img&#8220; _builder_version=&#8220;4.16&#8243; header_level=&#8220;h3&#8243; header_text_align=&#8220;left&#8220; background_enable_image=&#8220;off&#8220; link_option_url=&#8220;\/de\/verpackungen\/innovationen\/&#8220; locked=&#8220;off&#8220; global_colors_info=&#8220;{}&#8220;]<\/p>\n<p>Neue Ideen und Inspirationen f\u00fcr Ihre Verpackungen!<\/p>\n<p>[\/et_pb_blurb][et_pb_button button_url=&#8220;\/de\/verpackungen\/innovationen\/&#8220; button_text=&#8220;Zu den Innovationen&#8220; _builder_version=&#8220;4.16&#8243; locked=&#8220;off&#8220; global_colors_info=&#8220;{}&#8220;][\/et_pb_button][\/et_pb_column][\/et_pb_row][et_pb_row column_structure=&#8220;1_3,1_3,1_3&#8243; _builder_version=&#8220;4.16&#8243; global_colors_info=&#8220;{}&#8220;][et_pb_column type=&#8220;1_3&#8243; _builder_version=&#8220;4.16&#8243; global_colors_info=&#8220;{}&#8220;][et_pb_blurb title=&#8220;Materialien&#8220; url=&#8220;\/de\/verpackungen\/materialien\/&#8220; image=&#8220;https:\/\/www.iic-ag.com\/wp-content\/uploads\/Banner-Material-2.jpg&#8220; alt=&#8220;Verschiedene Materialien der Verpackungstechnik&#8220; admin_label=&#8220;Materialien&#8220; module_class=&#8220;landscape-img&#8220; _builder_version=&#8220;4.16&#8243; header_level=&#8220;h3&#8243; header_text_align=&#8220;left&#8220; link_option_url=&#8220;\/de\/verpackungen\/materialien\/&#8220; global_colors_info=&#8220;{}&#8220;]<\/p>\n<p>Entdecken Sie unsere verschiedenen Materialien der Verpackungstechnik!<\/p>\n<p>[\/et_pb_blurb][et_pb_button button_url=&#8220;\/de\/verpackungen\/materialien\/&#8220; button_text=&#8220;Zu den Materialien&#8220; _builder_version=&#8220;4.16&#8243; global_colors_info=&#8220;{}&#8220;][\/et_pb_button][\/et_pb_column][et_pb_column type=&#8220;1_3&#8243; _builder_version=&#8220;4.16&#8243; global_colors_info=&#8220;{}&#8220;][et_pb_blurb title=&#8220;Technologie&#8220; url=&#8220;\/de\/individuelle-lebensmittelverpackungen\/technologie\/&#8220; image=&#8220;https:\/\/www.iic-ag.com\/wp-content\/uploads\/Banner-Technologie-klein.jpg&#8220; alt=&#8220;Die Qualit\u00e4tsstandards bei IIC AG&#8220; admin_label=&#8220;Technologie&#8220; module_class=&#8220;landscape-img&#8220; _builder_version=&#8220;4.16&#8243; header_level=&#8220;h3&#8243; header_text_align=&#8220;left&#8220; link_option_url=&#8220;\/de\/individuelle-lebensmittelverpackungen\/technologie\/&#8220; locked=&#8220;off&#8220; global_colors_info=&#8220;{}&#8220;]<\/p>\n<p>Alles \u00fcber unsere Verpackungstechnik und Qualit\u00e4tsstandards!<\/p>\n<p>[\/et_pb_blurb][et_pb_button button_url=&#8220;\/de\/individuelle-lebensmittelverpackungen\/technologie\/&#8220; button_text=&#8220;Zur Technologie&#8220; _builder_version=&#8220;4.16&#8243; locked=&#8220;off&#8220; global_colors_info=&#8220;{}&#8220;][\/et_pb_button][\/et_pb_column][et_pb_column type=&#8220;1_3&#8243; _builder_version=&#8220;4.16&#8243; global_colors_info=&#8220;{}&#8220;][\/et_pb_column][\/et_pb_row][\/et_pb_section][et_pb_section fb_built=&#8220;1&#8243; admin_label=&#8220;Samplebox\/Messetermine&#8220; module_id=&#8220;samplebox-section&#8220; _builder_version=&#8220;4.16&#8243; background_color=&#8220;#2193381a&#8220; saved_tabs=&#8220;all&#8220; locked=&#8220;off&#8220; collapsed=&#8220;off&#8220; global_colors_info=&#8220;{}&#8220;][et_pb_row column_structure=&#8220;1_2,1_2&#8243; _builder_version=&#8220;4.16&#8243; collapsed=&#8220;off&#8220; global_colors_info=&#8220;{}&#8220;][et_pb_column type=&#8220;1_2&#8243; _builder_version=&#8220;4.16&#8243; global_colors_info=&#8220;{}&#8220;][et_pb_text _builder_version=&#8220;4.16&#8243; global_colors_info=&#8220;{}&#8220;]<\/p>\n<h2>Musterbox<\/h2>\n<p>Bestellen Sie kostenfrei unsere Musterbox und \u00fcberzeugen Sie sich von der Vielfalt und Qualit\u00e4t unserer innovativen Produkte.<\/p>\n<p>[\/et_pb_text][et_pb_button button_url=&#8220;\/de\/samplebox\/&#8220; button_text=&#8220;Kostenlos bestellen&#8220; _builder_version=&#8220;4.16&#8243; global_colors_info=&#8220;{}&#8220;][\/et_pb_button][\/et_pb_column][et_pb_column type=&#8220;1_2&#8243; _builder_version=&#8220;4.16&#8243; global_colors_info=&#8220;{}&#8220;][et_pb_text _builder_version=&#8220;4.27.4&#8243; hover_enabled=&#8220;0&#8243; global_colors_info=&#8220;{}&#8220; sticky_enabled=&#8220;0&#8243;]<\/p>\n<h2>Messetermine<\/h2>\n<p><strong>11. &#8211; 12. Februar 2026<\/strong><br \/>Packaging Innovations &amp; Empack, Birmingham\/UK<\/p>\n<p>&nbsp;<\/p>\n<p>[\/et_pb_text][et_pb_button button_url=&#8220;#Kontakt&#8220; button_text=&#8220;Termin vereinbaren&#8220; _builder_version=&#8220;4.16&#8243; global_colors_info=&#8220;{}&#8220;][\/et_pb_button][\/et_pb_column][\/et_pb_row][\/et_pb_section][et_pb_section fb_built=&#8220;1&#8243; _builder_version=&#8220;4.16&#8243; global_colors_info=&#8220;{}&#8220;][et_pb_row _builder_version=&#8220;4.16&#8243; global_colors_info=&#8220;{}&#8220;][et_pb_column type=&#8220;4_4&#8243; _builder_version=&#8220;4.16&#8243; global_colors_info=&#8220;{}&#8220;][et_pb_text _builder_version=&#8220;4.27.2&#8243; global_colors_info=&#8220;{}&#8220;]<\/p>\n<h2>Referenzen<\/h2>\n<p>[\/et_pb_text][dica_divi_carousel show_items_desktop=&#8220;5&#8243; show_items_tablet=&#8220;2&#8243; show_items_mobile=&#8220;2&#8243; loop=&#8220;on&#8220; autoplay=&#8220;on&#8220; autoplay_speed=&#8220;3000&#8243; arrow_nav=&#8220;on&#8220; advanced_effect=&#8220;1&#8243; overlay_color_field_bgcolor=&#8220;rgba(255,255,255,0.85)&#8220; module_id=&#8220;referenzen-slider-24&#8243; _builder_version=&#8220;4.27.2&#8243; _module_preset=&#8220;c07cc120-c6fa-4c64-93a8-bc224cd4fb3b&#8220; global_module=&#8220;14053&#8243; saved_tabs=&#8220;all&#8220; locked=&#8220;off&#8220; global_colors_info=&#8220;{}&#8220;][dica_divi_carouselitem button_url_new_window=&#8220;1&#8243; image=&#8220;https:\/\/www.iic-ag.com\/wp-content\/uploads\/Mondelez-1.png&#8220; _builder_version=&#8220;4.27.2&#8243; _module_preset=&#8220;default&#8220; global_colors_info=&#8220;{}&#8220;][\/dica_divi_carouselitem][dica_divi_carouselitem button_url_new_window=&#8220;1&#8243; image=&#8220;https:\/\/www.iic-ag.com\/wp-content\/uploads\/Greencore-1.png&#8220; _builder_version=&#8220;4.27.2&#8243; _module_preset=&#8220;default&#8220; global_colors_info=&#8220;{}&#8220;][\/dica_divi_carouselitem][dica_divi_carouselitem button_url_new_window=&#8220;1&#8243; image=&#8220;https:\/\/www.iic-ag.com\/wp-content\/uploads\/Cadbury-1.png&#8220; _builder_version=&#8220;4.27.2&#8243; _module_preset=&#8220;default&#8220; global_colors_info=&#8220;{}&#8220;][\/dica_divi_carouselitem][dica_divi_carouselitem button_url_new_window=&#8220;1&#8243; image=&#8220;https:\/\/www.iic-ag.com\/wp-content\/uploads\/Philadelphia-1.jpg&#8220; _builder_version=&#8220;4.27.2&#8243; _module_preset=&#8220;default&#8220; global_colors_info=&#8220;{}&#8220;][\/dica_divi_carouselitem][dica_divi_carouselitem button_url_new_window=&#8220;1&#8243; image=&#8220;https:\/\/www.iic-ag.com\/wp-content\/uploads\/MS-1-1.jpg&#8220; _builder_version=&#8220;4.27.2&#8243; _module_preset=&#8220;default&#8220; global_colors_info=&#8220;{}&#8220;][\/dica_divi_carouselitem][dica_divi_carouselitem button_url_new_window=&#8220;1&#8243; image=&#8220;https:\/\/www.iic-ag.com\/wp-content\/uploads\/1200px-2_sisters_food_group_logo.svg_-1.png&#8220; _builder_version=&#8220;4.27.2&#8243; _module_preset=&#8220;default&#8220; global_colors_info=&#8220;{}&#8220;][\/dica_divi_carouselitem][dica_divi_carouselitem button_url_new_window=&#8220;1&#8243; image=&#8220;https:\/\/www.iic-ag.com\/wp-content\/uploads\/YeoValley-1.png&#8220; _builder_version=&#8220;4.27.2&#8243; _module_preset=&#8220;default&#8220; global_colors_info=&#8220;{}&#8220;][\/dica_divi_carouselitem][dica_divi_carouselitem button_url_new_window=&#8220;1&#8243; image=&#8220;https:\/\/www.iic-ag.com\/wp-content\/uploads\/Tulip-1.png&#8220; _builder_version=&#8220;4.27.2&#8243; _module_preset=&#8220;default&#8220; global_colors_info=&#8220;{}&#8220;][\/dica_divi_carouselitem][dica_divi_carouselitem button_url_new_window=&#8220;1&#8243; image=&#8220;https:\/\/www.iic-ag.com\/wp-content\/uploads\/Saputo-1.png&#8220; _builder_version=&#8220;4.27.2&#8243; _module_preset=&#8220;default&#8220; global_colors_info=&#8220;{}&#8220;][\/dica_divi_carouselitem][dica_divi_carouselitem button_url_new_window=&#8220;1&#8243; image=&#8220;https:\/\/www.iic-ag.com\/wp-content\/uploads\/Samworth_Brothers-1.png&#8220; _builder_version=&#8220;4.27.2&#8243; _module_preset=&#8220;default&#8220; global_colors_info=&#8220;{}&#8220;][\/dica_divi_carouselitem][dica_divi_carouselitem button_url_new_window=&#8220;1&#8243; image=&#8220;https:\/\/www.iic-ag.com\/wp-content\/uploads\/Lion-1.jpg&#8220; _builder_version=&#8220;4.27.2&#8243; _module_preset=&#8220;default&#8220; global_colors_info=&#8220;{}&#8220;][\/dica_divi_carouselitem][dica_divi_carouselitem button_url_new_window=&#8220;1&#8243; image=&#8220;https:\/\/www.iic-ag.com\/wp-content\/uploads\/Nuttelex-1.jpg&#8220; _builder_version=&#8220;4.27.2&#8243; _module_preset=&#8220;default&#8220; global_colors_info=&#8220;{}&#8220;][\/dica_divi_carouselitem][dica_divi_carouselitem button_url_new_window=&#8220;1&#8243; image=&#8220;https:\/\/www.iic-ag.com\/wp-content\/uploads\/havi-1.jpg&#8220; _builder_version=&#8220;4.27.2&#8243; _module_preset=&#8220;default&#8220; global_colors_info=&#8220;{}&#8220;][\/dica_divi_carouselitem][dica_divi_carouselitem button_url_new_window=&#8220;1&#8243; image=&#8220;https:\/\/www.iic-ag.com\/wp-content\/uploads\/Addo-Food-1.png&#8220; _builder_version=&#8220;4.27.2&#8243; _module_preset=&#8220;default&#8220; global_colors_info=&#8220;{}&#8220;][\/dica_divi_carouselitem][dica_divi_carouselitem button_url_new_window=&#8220;1&#8243; image=&#8220;https:\/\/www.iic-ag.com\/wp-content\/uploads\/Hain-Daniels-Group-1.png&#8220; _builder_version=&#8220;4.27.2&#8243; _module_preset=&#8220;default&#8220; global_colors_info=&#8220;{}&#8220;][\/dica_divi_carouselitem][dica_divi_carouselitem button_url_new_window=&#8220;1&#8243; image=&#8220;https:\/\/www.iic-ag.com\/wp-content\/uploads\/Sika-1.png&#8220; _builder_version=&#8220;4.27.2&#8243; _module_preset=&#8220;default&#8220; global_colors_info=&#8220;{}&#8220;][\/dica_divi_carouselitem][\/dica_divi_carousel][\/et_pb_column][\/et_pb_row][\/et_pb_section][et_pb_section fb_built=&#8220;1&#8243; module_id=&#8220;Kontakt&#8220; _builder_version=&#8220;4.16&#8243; saved_tabs=&#8220;all&#8220; locked=&#8220;off&#8220; collapsed=&#8220;off&#8220; global_colors_info=&#8220;{}&#8220;][et_pb_row column_structure=&#8220;1_2,1_2&#8243; _builder_version=&#8220;4.16&#8243; global_colors_info=&#8220;{}&#8220;][et_pb_column type=&#8220;1_2&#8243; _builder_version=&#8220;4.16&#8243; global_colors_info=&#8220;{}&#8220;][et_pb_text _builder_version=&#8220;4.16&#8243; global_colors_info=&#8220;{}&#8220;]<\/p>\n<h2>Ihr Ansprechpartner<\/h2>\n<p>Herr Dirk Wohlgemuth, Vertriebsleiter<\/p>\n<p>[\/et_pb_text][et_pb_image src=&#8220;https:\/\/www.iic-ag.com\/wp-content\/uploads\/Dirk-Wohlgemuth-0071.jpg&#8220; title_text=&#8220;Dirk-Wohlgemuth-0071&#8243; _builder_version=&#8220;4.16&#8243; transform_scale=&#8220;66%|66%&#8220; transform_translate=&#8220;0px|4px&#8220; global_colors_info=&#8220;{}&#8220;][\/et_pb_image][\/et_pb_column][et_pb_column type=&#8220;1_2&#8243; _builder_version=&#8220;4.16&#8243; global_colors_info=&#8220;{}&#8220;][et_pb_text admin_label=&#8220;Kontakt-Formular&#8220; module_id=&#8220;kontakt-formular&#8220; _builder_version=&#8220;4.16&#8243; global_colors_info=&#8220;{}&#8220;]<\/p>\n<h2>Kontakt<\/h2>\n<p><div class=\"everest-forms\"><script type='text\/javascript'>\n\/* <![CDATA[ *\/\nvar evf_settings = {\"currency_code\":\"USD\",\"currency_thousands\":\",\",\"currency_decimal\":\".\",\"currency_symbol\":\"$\",\"currency_symbol_pos\":\"left\"}\n\/* ]]> *\/\n<\/script>\n<div class=\"evf-container default\" id=\"evf-14188\"><form id=\"evf-form-14188\" class=\"everest-form\" data-formid=\"14188\" data-ajax_submission=\"1\" data-keyboard_friendly_form=\"0\" data-form_state_type=\"\" method=\"post\" enctype=\"multipart\/form-data\" action=\"\/de\/wp-json\/wp\/v2\/pages\/480\"><div class=\"evf-field-container\"><input type=\"hidden\" id=\"_wpnonce14188\" name=\"_wpnonce14188\" value=\"05fcfe4708\" \/><input type=\"hidden\" name=\"_wp_http_referer\" value=\"\/de\/wp-json\/wp\/v2\/pages\/480\" \/><div class=\"evf-frontend-row\" data-row=\"row_4\" conditional_rules=\"[]\"><div class=\"evf-frontend-grid evf-grid-2\" data-grid=\"grid_1\"><div id=\"evf-14188-field_TAmI6tmyKp-14-container\" class=\"evf-field evf-field-text form-row validate-required\" data-required-field-message=\"This field is required.\" data-field-id=\"TAmI6tmyKp-14\"><label class=\"evf-field-label evf-label-hide\" for=\"evf-14188-field_TAmI6tmyKp-14\"><span class=\"evf-label\">Firma<\/span> <abbr class=\"required\" title=\"Required\">*<\/abbr><\/label><input type=\"text\" id=\"evf-14188-field_TAmI6tmyKp-14\" class=\"input-text\" name=\"everest_forms[form_fields][TAmI6tmyKp-14]\" placeholder=\"Firma*\" conditional_id=\"TAmI6tmyKp-14\" required><\/div><\/div><div class=\"evf-frontend-grid evf-grid-2\" data-grid=\"grid_2\"><div id=\"evf-14188-field_kkiUUWqLvX-15-container\" class=\"evf-field evf-field-url form-row\" data-field-id=\"kkiUUWqLvX-15\"><label class=\"evf-field-label evf-label-hide\" for=\"evf-14188-field_kkiUUWqLvX-15\"><span class=\"evf-label\">Website \/ URL<\/span> <\/label><input type=\"url\" id=\"evf-14188-field_kkiUUWqLvX-15\" class=\"input-text\" name=\"everest_forms[form_fields][kkiUUWqLvX-15]\" placeholder=\"Webseite\" conditional_id=\"kkiUUWqLvX-15\"  ><\/div><\/div><\/div><div class=\"evf-frontend-row\" data-row=\"row_1\" conditional_rules=\"[]\"><div class=\"evf-frontend-grid evf-grid-2\" data-grid=\"grid_1\"><div id=\"evf-14188-field_mtlxbsZqwA-1-container\" class=\"evf-field evf-field-text form-row validate-required\" data-required-field-message=\"This field is required.\" data-field-id=\"mtlxbsZqwA-1\"><label class=\"evf-field-label evf-label-hide\" for=\"evf-14188-field_mtlxbsZqwA-1\"><span class=\"evf-label\">Vorname<\/span> <abbr class=\"required\" title=\"Required\">*<\/abbr><\/label><input type=\"text\" id=\"evf-14188-field_mtlxbsZqwA-1\" class=\"input-text\" name=\"everest_forms[form_fields][mtlxbsZqwA-1]\" placeholder=\"Vorname*\" conditional_id=\"mtlxbsZqwA-1\" required><\/div><\/div><div class=\"evf-frontend-grid evf-grid-2\" data-grid=\"grid_2\"><div id=\"evf-14188-field_afZuRUxpZ3-2-container\" class=\"evf-field evf-field-text form-row validate-required\" data-required-field-message=\"This field is required.\" data-field-id=\"afZuRUxpZ3-2\"><label class=\"evf-field-label evf-label-hide\" for=\"evf-14188-field_afZuRUxpZ3-2\"><span class=\"evf-label\">Nachname<\/span> <abbr class=\"required\" title=\"Required\">*<\/abbr><\/label><input type=\"text\" id=\"evf-14188-field_afZuRUxpZ3-2\" class=\"input-text\" name=\"everest_forms[form_fields][afZuRUxpZ3-2]\" placeholder=\"Nachname*\" conditional_id=\"afZuRUxpZ3-2\" required><\/div><\/div><\/div><div class=\"evf-frontend-row\" data-row=\"row_2\" conditional_rules=\"[]\"><div class=\"evf-frontend-grid evf-grid-2\" data-grid=\"grid_1\"><div id=\"evf-14188-field_WepKVnGhGX-3-container\" class=\"evf-field evf-field-email form-row validate-required validate-email\" data-required-field-message=\"Please enter a valid email address.\" data-field-id=\"WepKVnGhGX-3\"><label class=\"evf-field-label evf-label-hide\" for=\"evf-14188-field_WepKVnGhGX-3\"><span class=\"evf-label\">Email<\/span> <abbr class=\"required\" title=\"Required\">*<\/abbr><\/label><input type=\"email\" id=\"evf-14188-field_WepKVnGhGX-3\" class=\"input-text\" name=\"everest_forms[form_fields][WepKVnGhGX-3]\" placeholder=\"Email Adresse*\" conditional_id=\"WepKVnGhGX-3\" required ><\/div><\/div><div class=\"evf-frontend-grid evf-grid-2\" data-grid=\"grid_2\"><div id=\"evf-14188-field_Gp4FfM1EVq-4-container\" class=\"evf-field evf-field-text form-row validate-required\" data-required-field-message=\"This field is required.\" data-field-id=\"Gp4FfM1EVq-4\"><label class=\"evf-field-label evf-label-hide\" for=\"evf-14188-field_Gp4FfM1EVq-4\"><span class=\"evf-label\">Telefon<\/span> <abbr class=\"required\" title=\"Required\">*<\/abbr><\/label><input type=\"text\" id=\"evf-14188-field_Gp4FfM1EVq-4\" class=\"input-text\" name=\"everest_forms[form_fields][Gp4FfM1EVq-4]\" placeholder=\"Telefonnummer*\" conditional_id=\"Gp4FfM1EVq-4\" required><\/div><\/div><\/div><div class=\"evf-frontend-row\" data-row=\"row_3\" conditional_rules=\"[]\"><div class=\"evf-frontend-grid evf-grid-1\" data-grid=\"grid_1\"><div id=\"evf-14188-field_RsH1ADcyud-5-container\" class=\"evf-field evf-field-textarea form-row validate-required\" data-required-field-message=\"This field is required.\" data-field-id=\"RsH1ADcyud-5\"><label class=\"evf-field-label evf-label-hide\" for=\"evf-14188-field_RsH1ADcyud-5\"><span class=\"evf-label\">Nachricht<\/span> <abbr class=\"required\" title=\"Required\">*<\/abbr><\/label><textarea id=\"evf-14188-field_RsH1ADcyud-5\" class=\"input-text\" name=\"everest_forms[form_fields][RsH1ADcyud-5]\" placeholder=\"Nachricht*\" conditional_id=\"RsH1ADcyud-5\" required ><\/textarea><\/div><div id=\"evf-14188-field_tutV8meIbJ-16-container\" class=\"evf-field evf-field-recaptcha form-row\" data-field-id=\"tutV8meIbJ-16\"><div class=\"evf-recaptcha-container recaptcha-hidden\" style=\"display:block\"><input type=\"hidden\" name=\"everest_forms[recaptcha]\" value=\"\"><\/div><\/div><div id=\"evf-14188-field_qM65L8f6m0-6-container\" class=\"evf-field evf-field-privacy-policy form-row validate-required\" data-required-field-message=\"This field is required.\" data-field-id=\"qM65L8f6m0-6\"><label class=\"evf-field-label evf-label-hide\" for=\"evf-14188-field_qM65L8f6m0-6\"><span class=\"evf-label\">Privacy Policy<\/span> <abbr class=\"required\" title=\"Required\">*<\/abbr><\/label><input type=\"checkbox\" value=\"Ich bin mit der Verwendung und Speicherung meiner Daten einverstanden. Weitere Informationen finden Sie in der [Datenschutzerkl\u00e4rung](\/de\/datenschutz\/).\" id=\"evf-14188-field_qM65L8f6m0-6\" class=\"input-text\" name=\"everest_forms[form_fields][qM65L8f6m0-6]\" conditional_id=\"qM65L8f6m0-6\" required \/><label class=\"evf-privacy-policy-consent-message\" for=\"evf-14188-field_qM65L8f6m0-6\">Ich bin mit der Verwendung und Speicherung meiner Daten einverstanden. Weitere Informationen finden Sie in der <a data-page-id=\"\" target=\"_blank\" rel=\"noopener noreferrer nofollow\" href=\"\/de\/datenschutz\/\" class=\"\">Datenschutzerkl\u00e4rung<\/a>.<\/label><div class=\"evf-privacy-policy-local-page-contents\"><\/div><\/div><\/div><\/div><\/div><div class=\"evf-honeypot-container evf-field-hp\"><label for=\"evf-14188-field-hp\" class=\"evf-field-label\">Message<\/label><input type=\"text\" name=\"everest_forms[hp]\" id=\"evf-14188-field-hp\" class=\"input-text\"><\/div><div class=\"evf-submit-container \" ><input type=\"hidden\" name=\"everest_forms[id]\" value=\"14188\"><input type=\"hidden\" name=\"everest_forms[author]\" value=\"12\"><button type='submit' name='everest_forms[submit]' class='everest-forms-submit-button button evf-submit et_pb_button' id='evf-submit-14188' value='evf-submit' data-process-text=\"senden\u2026\" conditional_rules='&quot;&quot;' conditional_id='evf-submit-14188'  id=\"evf-submit-14188\" aria-live=\"assertive\">Senden<\/button><\/div><\/form><\/div><!-- .evf-container --><\/div>[\/et_pb_text][\/et_pb_column][\/et_pb_row][\/et_pb_section]<\/p>\n","protected":false},"excerpt":{"rendered":"<p>Lebensmittelverpackungen Wir bieten Ihnen individuelle Verpackungsl\u00f6sungen, die exakt auf Ihre Bed\u00fcrfnisse zugeschnitten sind. Erwarten Sie dar\u00fcber hinaus eine breite Palette an hochwertigen serienm\u00e4\u00dfigen Verpackungen, insbesondere f\u00fcr die Sparten Eiscreme, Feinkost, Milchwaren und S\u00fc\u00dfigkeiten.Lebensmittelverpackungen Wir bieten Ihnen individuelle Verpackungsl\u00f6sungen, die exakt auf Ihre Bed\u00fcrfnisse zugeschnitten sind. Erwarten Sie dar\u00fcber hinaus eine breite Palette an hochwertigen serienm\u00e4\u00dfigen [&hellip;]<\/p>\n","protected":false},"author":12,"featured_media":0,"parent":0,"menu_order":0,"comment_status":"closed","ping_status":"closed","template":"","meta":{"_et_pb_use_builder":"on","_et_pb_old_content":"","_et_gb_content_width":"","footnotes":""},"class_list":["post-480","page","type-page","status-publish","hentry"],"_links":{"self":[{"href":"https:\/\/www.iic-ag.com\/de\/wp-json\/wp\/v2\/pages\/480","targetHints":{"allow":["GET"]}}],"collection":[{"href":"https:\/\/www.iic-ag.com\/de\/wp-json\/wp\/v2\/pages"}],"about":[{"href":"https:\/\/www.iic-ag.com\/de\/wp-json\/wp\/v2\/types\/page"}],"author":[{"embeddable":true,"href":"https:\/\/www.iic-ag.com\/de\/wp-json\/wp\/v2\/users\/12"}],"replies":[{"embeddable":true,"href":"https:\/\/www.iic-ag.com\/de\/wp-json\/wp\/v2\/comments?post=480"}],"version-history":[{"count":81,"href":"https:\/\/www.iic-ag.com\/de\/wp-json\/wp\/v2\/pages\/480\/revisions"}],"predecessor-version":[{"id":14601,"href":"https:\/\/www.iic-ag.com\/de\/wp-json\/wp\/v2\/pages\/480\/revisions\/14601"}],"wp:attachment":[{"href":"https:\/\/www.iic-ag.com\/de\/wp-json\/wp\/v2\/media?parent=480"}],"curies":[{"name":"wp","href":"https:\/\/api.w.org\/{rel}","templated":true}]}}